{"id":879,"date":"2020-03-30T19:07:39","date_gmt":"2020-03-30T19:07:39","guid":{"rendered":"https:\/\/compositeskn.org\/a-propos\/"},"modified":"2021-07-12T11:47:45","modified_gmt":"2021-07-12T18:47:45","slug":"a-propos","status":"publish","type":"page","link":"https:\/\/compositeskn.org\/fr\/a-propos\/","title":{"rendered":"\u00c0 propos"},"content":{"rendered":"\n<div class=\"wp-block-cover alignfull has-background-dim remove-bottom-margin\" style=\"min-height:500px;aspect-ratio:unset;\"><img loading=\"lazy\" decoding=\"async\" width=\"2200\" height=\"1464\" class=\"wp-block-cover__image-background wp-image-1383\" alt=\"\" src=\"https:\/\/compositeskn.org\/wp-content\/uploads\/2021\/04\/About-1.jpg\" data-object-fit=\"cover\" srcset=\"https:\/\/compositeskn.org\/wp-content\/uploads\/2021\/04\/About-1.jpg 2200w, https:\/\/compositeskn.org\/wp-content\/uploads\/2021\/04\/About-1-300x200.jpg 300w, https:\/\/compositeskn.org\/wp-content\/uploads\/2021\/04\/About-1-1024x681.jpg 1024w, https:\/\/compositeskn.org\/wp-content\/uploads\/2021\/04\/About-1-768x511.jpg 768w, https:\/\/compositeskn.org\/wp-content\/uploads\/2021\/04\/About-1-1536x1022.jpg 1536w, https:\/\/compositeskn.org\/wp-content\/uploads\/2021\/04\/About-1-2048x1363.jpg 2048w\" sizes=\"auto, (max-width: 2200px) 100vw, 2200px\" \/><div class=\"wp-block-cover__inner-container is-layout-flow wp-block-cover-is-layout-flow\">\n<div style=\"height:120px\" aria-hidden=\"true\" class=\"wp-block-spacer\"><\/div>\n\n\n\n<div class=\"wp-block-group alignwide\"><div class=\"wp-block-group__inner-container is-layout-flow wp-block-group-is-layout-flow\">\n<h1 class=\"wp-block-heading\">\u00c0 propos<\/h1>\n\n\n\n<p>Le Composites Knowledge Network (CKN) donne aux entreprises canadiennes les connaissances dont elles ont besoin pour r\u00e9ussir. <\/p>\n\n\n\n<p><\/p>\n<\/div><\/div>\n\n\n\n<div style=\"height:60px\" aria-hidden=\"true\" class=\"wp-block-spacer\"><\/div>\n<\/div><\/div>\n\n<div style=\"height:40px\" aria-hidden=\"true\" class=\"wp-block-spacer\"><\/div>\n\n<p class=\"has-black-color has-text-color\">Le CKN connecte l&rsquo;industrie \u00e0 la technologie de pointe par le biais du <a href=\"https:\/\/compositeskn.org\/fr\/centre-des-connaissances-appliquees\/\">Knowledge in Practice Center<\/a> et des <a href=\"https:\/\/compositeskn.org\/events\/\">\u00e9v\u00e9nements Application + Impact (AIM)<\/a>.<\/p>\n\n<p>Ce r\u00e9seau est financ\u00e9 par le gouvernement f\u00e9d\u00e9ral par les R\u00e9seaux de centres d&rsquo;excellence (RCE) et est un organisme national sans but lucratif, h\u00e9berg\u00e9 \u00e0 l&rsquo;Universit\u00e9 de la Colombie-Britannique.<\/p>\n\n<h3 class=\"has-text-color wp-block-heading\" style=\"color:#2ca6b6\"><strong>Partenaire de soutien:<\/strong><\/h3>\n\n<div class=\"wp-block-image\"><figure class=\"alignleft is-resized\"><a href=\"https:\/\/crn.ubc.ca\" target=\"_blank\" rel=\"noreferrer noopener\"><img loading=\"lazy\" decoding=\"async\" src=\"https:\/\/compositeskn.org\/wp-content\/uploads\/2019\/07\/CRN-1-300x89.png\" alt=\"\" class=\"wp-image-668\" width=\"247\" height=\"73\" srcset=\"https:\/\/compositeskn.org\/wp-content\/uploads\/2019\/07\/CRN-1-300x89.png 300w, https:\/\/compositeskn.org\/wp-content\/uploads\/2019\/07\/CRN-1-768x228.png 768w, https:\/\/compositeskn.org\/wp-content\/uploads\/2019\/07\/CRN-1-1024x304.png 1024w\" sizes=\"auto, (max-width: 247px) 100vw, 247px\" \/><\/a><\/figure><\/div>\n\n<div class=\"wp-block-image\"><figure class=\"alignleft size-large\"><a href=\"https:\/\/www.ubc.ca\" target=\"_blank\" rel=\"noopener\"><img loading=\"lazy\" decoding=\"async\" width=\"372\" height=\"117\" src=\"https:\/\/compositeskn.org\/wp-content\/uploads\/2021\/05\/ubc-logo-2018-narrowsig-blue-rgb72.png\" alt=\"\" class=\"wp-image-1668\" srcset=\"https:\/\/compositeskn.org\/wp-content\/uploads\/2021\/05\/ubc-logo-2018-narrowsig-blue-rgb72.png 372w, https:\/\/compositeskn.org\/wp-content\/uploads\/2021\/05\/ubc-logo-2018-narrowsig-blue-rgb72-300x94.png 300w\" sizes=\"auto, (max-width: 372px) 100vw, 372px\" \/><\/a><\/figure><\/div>\n\n<div style=\"height:60px\" aria-hidden=\"true\" class=\"wp-block-spacer\"><\/div>\n\n<p>Le CKN est un organisme sans but lucratif enregistr\u00e9 sous le nom de CRN Knowledge Mobilization Center et faisant des affaires sous le nom de Composites Knowledge Network.<\/p>\n","protected":false},"excerpt":{"rendered":"<p>Le CKN connecte l&rsquo;industrie \u00e0 la technologie de pointe par le biais du Knowledge in Practice Center et des \u00e9v\u00e9nements Application + Impact (AIM). Ce r\u00e9seau est financ\u00e9 par le gouvernement f\u00e9d\u00e9ral par les R\u00e9seaux de centres d&rsquo;excellence (RCE) et est un organisme national sans but lucratif, h\u00e9berg\u00e9 \u00e0 l&rsquo;Universit\u00e9 de la Colombie-Britannique. Partenaire de &#8230; <a title=\"\u00c0 propos\" class=\"read-more\" href=\"https:\/\/compositeskn.org\/fr\/a-propos\/\" aria-label=\"En savoir plus sur \u00c0 propos\">Lire plus<\/a><\/p>\n","protected":false},"author":1,"featured_media":0,"parent":0,"menu_order":0,"comment_status":"closed","ping_status":"closed","template":"","meta":{"om_disable_all_campaigns":false,"inline_featured_image":false,"footnotes":""},"class_list":["post-879","page","type-page","status-publish"],"yoast_head":"<!-- This site is optimized with the Yoast SEO plugin v26.8 - https:\/\/yoast.com\/product\/yoast-seo-wordpress\/ -->\n<title>\u00c0 propos - R\u00e9seau de mobilisation des connaissances en composites<\/title>\n<meta name=\"robots\" content=\"index, follow, max-snippet:-1, max-image-preview:large, max-video-preview:-1\" \/>\n<link rel=\"canonical\" href=\"https:\/\/compositeskn.org\/about\/\" \/>\n<meta property=\"og:locale\" content=\"fr_FR\" \/>\n<meta property=\"og:type\" content=\"article\" \/>\n<meta property=\"og:title\" content=\"\u00c0 propos - R\u00e9seau de mobilisation des connaissances en composites\" \/>\n<meta property=\"og:description\" content=\"Le CKN connecte l&rsquo;industrie \u00e0 la technologie de pointe par le biais du Knowledge in Practice Center et des \u00e9v\u00e9nements Application + Impact (AIM). Ce r\u00e9seau est financ\u00e9 par le gouvernement f\u00e9d\u00e9ral par les R\u00e9seaux de centres d&rsquo;excellence (RCE) et est un organisme national sans but lucratif, h\u00e9berg\u00e9 \u00e0 l&rsquo;Universit\u00e9 de la Colombie-Britannique. Partenaire de ... Lire plus\" \/>\n<meta property=\"og:url\" content=\"https:\/\/compositeskn.org\/about\/\" \/>\n<meta property=\"og:site_name\" content=\"R\u00e9seau de mobilisation des connaissances en composites\" \/>\n<meta property=\"article:modified_time\" content=\"2021-07-12T18:47:45+00:00\" \/>\n<meta property=\"og:image\" content=\"https:\/\/compositeskn.org\/wp-content\/uploads\/2021\/04\/About-1.jpg\" \/>\n<meta name=\"twitter:card\" content=\"summary_large_image\" \/>\n<meta name=\"twitter:site\" content=\"@CompositesKN\" \/>\n<meta name=\"twitter:label1\" content=\"Dur\u00e9e de lecture estim\u00e9e\" \/>\n\t<meta name=\"twitter:data1\" content=\"1 minute\" \/>\n<script type=\"application\/ld+json\" class=\"yoast-schema-graph\">{\"@context\":\"https:\/\/schema.org\",\"@graph\":[{\"@type\":\"WebPage\",\"@id\":\"https:\/\/compositeskn.org\/about\/\",\"url\":\"https:\/\/compositeskn.org\/about\/\",\"name\":\"\u00c0 propos - R\u00e9seau de mobilisation des connaissances en composites\",\"isPartOf\":{\"@id\":\"https:\/\/compositeskn.org\/#website\"},\"primaryImageOfPage\":{\"@id\":\"https:\/\/compositeskn.org\/about\/#primaryimage\"},\"image\":{\"@id\":\"https:\/\/compositeskn.org\/about\/#primaryimage\"},\"thumbnailUrl\":\"https:\/\/compositeskn.org\/wp-content\/uploads\/2021\/04\/About-1.jpg\",\"datePublished\":\"2020-03-30T19:07:39+00:00\",\"dateModified\":\"2021-07-12T18:47:45+00:00\",\"breadcrumb\":{\"@id\":\"https:\/\/compositeskn.org\/about\/#breadcrumb\"},\"inLanguage\":\"fr-FR\",\"potentialAction\":[{\"@type\":\"ReadAction\",\"target\":[\"https:\/\/compositeskn.org\/about\/\"]}]},{\"@type\":\"ImageObject\",\"inLanguage\":\"fr-FR\",\"@id\":\"https:\/\/compositeskn.org\/about\/#primaryimage\",\"url\":\"https:\/\/compositeskn.org\/wp-content\/uploads\/2021\/04\/About-1.jpg\",\"contentUrl\":\"https:\/\/compositeskn.org\/wp-content\/uploads\/2021\/04\/About-1.jpg\"},{\"@type\":\"BreadcrumbList\",\"@id\":\"https:\/\/compositeskn.org\/about\/#breadcrumb\",\"itemListElement\":[{\"@type\":\"ListItem\",\"position\":1,\"name\":\"Home\",\"item\":\"https:\/\/compositeskn.org\/fr\/\"},{\"@type\":\"ListItem\",\"position\":2,\"name\":\"\u00c0 propos\"}]},{\"@type\":\"WebSite\",\"@id\":\"https:\/\/compositeskn.org\/#website\",\"url\":\"https:\/\/compositeskn.org\/\",\"name\":\"R\u00e9seau de mobilisation des connaissances en composites\",\"description\":\"R\u00e9seau de mobilisation des connaissances en composites\",\"publisher\":{\"@id\":\"https:\/\/compositeskn.org\/#organization\"},\"potentialAction\":[{\"@type\":\"SearchAction\",\"target\":{\"@type\":\"EntryPoint\",\"urlTemplate\":\"https:\/\/compositeskn.org\/?s={search_term_string}\"},\"query-input\":{\"@type\":\"PropertyValueSpecification\",\"valueRequired\":true,\"valueName\":\"search_term_string\"}}],\"inLanguage\":\"fr-FR\"},{\"@type\":\"Organization\",\"@id\":\"https:\/\/compositeskn.org\/#organization\",\"name\":\"R\u00e9seau de mobilisation des connaissances en composites\",\"url\":\"https:\/\/compositeskn.org\/\",\"logo\":{\"@type\":\"ImageObject\",\"inLanguage\":\"fr-FR\",\"@id\":\"https:\/\/compositeskn.org\/#\/schema\/logo\/image\/\",\"url\":\"https:\/\/compositeskn.org\/wp-content\/uploads\/2021\/03\/ckn-logo-min.svg\",\"contentUrl\":\"https:\/\/compositeskn.org\/wp-content\/uploads\/2021\/03\/ckn-logo-min.svg\",\"caption\":\"R\u00e9seau de mobilisation des connaissances en composites\"},\"image\":{\"@id\":\"https:\/\/compositeskn.org\/#\/schema\/logo\/image\/\"},\"sameAs\":[\"https:\/\/x.com\/CompositesKN\",\"https:\/\/www.linkedin.com\/company\/compositeskn\"]}]}<\/script>\n<!-- \/ Yoast SEO plugin. -->","yoast_head_json":{"title":"\u00c0 propos - R\u00e9seau de mobilisation des connaissances en composites","robots":{"index":"index","follow":"follow","max-snippet":"max-snippet:-1","max-image-preview":"max-image-preview:large","max-video-preview":"max-video-preview:-1"},"canonical":"https:\/\/compositeskn.org\/about\/","og_locale":"fr_FR","og_type":"article","og_title":"\u00c0 propos - R\u00e9seau de mobilisation des connaissances en composites","og_description":"Le CKN connecte l&rsquo;industrie \u00e0 la technologie de pointe par le biais du Knowledge in Practice Center et des \u00e9v\u00e9nements Application + Impact (AIM). Ce r\u00e9seau est financ\u00e9 par le gouvernement f\u00e9d\u00e9ral par les R\u00e9seaux de centres d&rsquo;excellence (RCE) et est un organisme national sans but lucratif, h\u00e9berg\u00e9 \u00e0 l&rsquo;Universit\u00e9 de la Colombie-Britannique. Partenaire de ... Lire plus","og_url":"https:\/\/compositeskn.org\/about\/","og_site_name":"R\u00e9seau de mobilisation des connaissances en composites","article_modified_time":"2021-07-12T18:47:45+00:00","og_image":[{"url":"https:\/\/compositeskn.org\/wp-content\/uploads\/2021\/04\/About-1.jpg","type":"","width":"","height":""}],"twitter_card":"summary_large_image","twitter_site":"@CompositesKN","twitter_misc":{"Dur\u00e9e de lecture estim\u00e9e":"1 minute"},"schema":{"@context":"https:\/\/schema.org","@graph":[{"@type":"WebPage","@id":"https:\/\/compositeskn.org\/about\/","url":"https:\/\/compositeskn.org\/about\/","name":"\u00c0 propos - R\u00e9seau de mobilisation des connaissances en composites","isPartOf":{"@id":"https:\/\/compositeskn.org\/#website"},"primaryImageOfPage":{"@id":"https:\/\/compositeskn.org\/about\/#primaryimage"},"image":{"@id":"https:\/\/compositeskn.org\/about\/#primaryimage"},"thumbnailUrl":"https:\/\/compositeskn.org\/wp-content\/uploads\/2021\/04\/About-1.jpg","datePublished":"2020-03-30T19:07:39+00:00","dateModified":"2021-07-12T18:47:45+00:00","breadcrumb":{"@id":"https:\/\/compositeskn.org\/about\/#breadcrumb"},"inLanguage":"fr-FR","potentialAction":[{"@type":"ReadAction","target":["https:\/\/compositeskn.org\/about\/"]}]},{"@type":"ImageObject","inLanguage":"fr-FR","@id":"https:\/\/compositeskn.org\/about\/#primaryimage","url":"https:\/\/compositeskn.org\/wp-content\/uploads\/2021\/04\/About-1.jpg","contentUrl":"https:\/\/compositeskn.org\/wp-content\/uploads\/2021\/04\/About-1.jpg"},{"@type":"BreadcrumbList","@id":"https:\/\/compositeskn.org\/about\/#breadcrumb","itemListElement":[{"@type":"ListItem","position":1,"name":"Home","item":"https:\/\/compositeskn.org\/fr\/"},{"@type":"ListItem","position":2,"name":"\u00c0 propos"}]},{"@type":"WebSite","@id":"https:\/\/compositeskn.org\/#website","url":"https:\/\/compositeskn.org\/","name":"R\u00e9seau de mobilisation des connaissances en composites","description":"R\u00e9seau de mobilisation des connaissances en composites","publisher":{"@id":"https:\/\/compositeskn.org\/#organization"},"potentialAction":[{"@type":"SearchAction","target":{"@type":"EntryPoint","urlTemplate":"https:\/\/compositeskn.org\/?s={search_term_string}"},"query-input":{"@type":"PropertyValueSpecification","valueRequired":true,"valueName":"search_term_string"}}],"inLanguage":"fr-FR"},{"@type":"Organization","@id":"https:\/\/compositeskn.org\/#organization","name":"R\u00e9seau de mobilisation des connaissances en composites","url":"https:\/\/compositeskn.org\/","logo":{"@type":"ImageObject","inLanguage":"fr-FR","@id":"https:\/\/compositeskn.org\/#\/schema\/logo\/image\/","url":"https:\/\/compositeskn.org\/wp-content\/uploads\/2021\/03\/ckn-logo-min.svg","contentUrl":"https:\/\/compositeskn.org\/wp-content\/uploads\/2021\/03\/ckn-logo-min.svg","caption":"R\u00e9seau de mobilisation des connaissances en composites"},"image":{"@id":"https:\/\/compositeskn.org\/#\/schema\/logo\/image\/"},"sameAs":["https:\/\/x.com\/CompositesKN","https:\/\/www.linkedin.com\/company\/compositeskn"]}]}},"jetpack_sharing_enabled":true,"_links":{"self":[{"href":"https:\/\/compositeskn.org\/fr\/wp-json\/wp\/v2\/pages\/879","targetHints":{"allow":["GET"]}}],"collection":[{"href":"https:\/\/compositeskn.org\/fr\/wp-json\/wp\/v2\/pages"}],"about":[{"href":"https:\/\/compositeskn.org\/fr\/wp-json\/wp\/v2\/types\/page"}],"author":[{"embeddable":true,"href":"https:\/\/compositeskn.org\/fr\/wp-json\/wp\/v2\/users\/1"}],"replies":[{"embeddable":true,"href":"https:\/\/compositeskn.org\/fr\/wp-json\/wp\/v2\/comments?post=879"}],"version-history":[{"count":32,"href":"https:\/\/compositeskn.org\/fr\/wp-json\/wp\/v2\/pages\/879\/revisions"}],"predecessor-version":[{"id":1834,"href":"https:\/\/compositeskn.org\/fr\/wp-json\/wp\/v2\/pages\/879\/revisions\/1834"}],"wp:attachment":[{"href":"https:\/\/compositeskn.org\/fr\/wp-json\/wp\/v2\/media?parent=879"}],"curies":[{"name":"wp","href":"https:\/\/api.w.org\/{rel}","templated":true}]}}