{"id":851,"date":"2020-03-27T14:43:50","date_gmt":"2020-03-27T14:43:50","guid":{"rendered":"https:\/\/compositeskn.org\/centre-des-connaissances-appliquees\/"},"modified":"2021-05-04T19:14:41","modified_gmt":"2021-05-05T02:14:41","slug":"centre-des-connaissances-appliquees","status":"publish","type":"page","link":"https:\/\/compositeskn.org\/fr\/centre-des-connaissances-appliquees\/","title":{"rendered":"The Knowledge in Practice Centre"},"content":{"rendered":"\n<div class=\"wp-block-cover alignfull has-background-dim remove-bottom-margin\" style=\"min-height:500px;aspect-ratio:unset;\"><img loading=\"lazy\" decoding=\"async\" width=\"2200\" height=\"1464\" class=\"wp-block-cover__image-background wp-image-1409\" alt=\"\" src=\"https:\/\/compositeskn.org\/wp-content\/uploads\/2021\/04\/KPC_Header.jpg\" data-object-fit=\"cover\" srcset=\"https:\/\/compositeskn.org\/wp-content\/uploads\/2021\/04\/KPC_Header.jpg 2200w, https:\/\/compositeskn.org\/wp-content\/uploads\/2021\/04\/KPC_Header-300x200.jpg 300w, https:\/\/compositeskn.org\/wp-content\/uploads\/2021\/04\/KPC_Header-1024x681.jpg 1024w, https:\/\/compositeskn.org\/wp-content\/uploads\/2021\/04\/KPC_Header-768x511.jpg 768w, https:\/\/compositeskn.org\/wp-content\/uploads\/2021\/04\/KPC_Header-1536x1022.jpg 1536w, https:\/\/compositeskn.org\/wp-content\/uploads\/2021\/04\/KPC_Header-2048x1363.jpg 2048w\" sizes=\"auto, (max-width: 2200px) 100vw, 2200px\" \/><div class=\"wp-block-cover__inner-container is-layout-flow wp-block-cover-is-layout-flow\">\n<div style=\"height:120px\" aria-hidden=\"true\" class=\"wp-block-spacer\"><\/div>\n\n\n\n<div class=\"wp-block-group alignwide\"><div class=\"wp-block-group__inner-container is-layout-flow wp-block-group-is-layout-flow\">\n<h1 class=\"wp-block-heading\">The Knowledge in Practice Centre<\/h1>\n\n\n\n<p>Une ressource ouverte pour les connaissances et les meilleures pratiques en mati\u00e8re de fabrication de composites.<\/p>\n\n\n\n<p><\/p>\n<\/div><\/div>\n\n\n\n<div style=\"height:60px\" aria-hidden=\"true\" class=\"wp-block-spacer\"><\/div>\n<\/div><\/div>\n\n<div style=\"height:40px\" aria-hidden=\"true\" class=\"wp-block-spacer\"><\/div>\n\n<p>Le KPC fournit \u00e0 l&rsquo;industrie manufacturi\u00e8re un acc\u00e8s \u00e0 des ressources de pointe. Il pr\u00e9sente les pratiques de fabrication des composites d&rsquo;une mani\u00e8re facile \u00e0 naviguer, y compris des \u00e9tudes de cas, des conseils pratiques et des connaissances de base et au niveau des syst\u00e8mes. Construit sur la m\u00eame plate-forme que Wikip\u00e9dia, le KPC utilise une repr\u00e9sentation d&rsquo;usine du mat\u00e9riau, de la forme, de l&rsquo;outillage et de l&rsquo;\u00e9quipement pour expliquer le fonctionnement des processus composites et comment la qualit\u00e9 de fabrication, le taux et le co\u00fbt des compromis dans la pratique. <\/p>\n\n<div class=\"wp-block-buttons is-layout-flex wp-block-buttons-is-layout-flex\">\n<div class=\"wp-block-button\"><a class=\"wp-block-button__link\" href=\"https:\/\/compositeskn.org\/KPC\/A1\">Aller au KPC &gt;<\/a><\/div>\n<\/div>\n\n<div style=\"height:20px\" aria-hidden=\"true\" class=\"wp-block-spacer\"><\/div>\n\n<h2 class=\"has-text-color wp-block-heading\" style=\"color:#2ca6b6\"><strong>Les \u00e9l\u00e9ments constitutifs du KPC<\/strong><\/h2>\n\n<p>Le Knowledge in Practice Center h\u00e9bergera des ressources pour tous les niveaux de l&rsquo;industrie des composites &#8211; des personnes qui apprennent les composites aux fabricants exp\u00e9riment\u00e9s cherchant \u00e0 mettre \u00e0 jour leurs processus et leurs m\u00e9thodes.<\/p>\n\n<h3 class=\"wp-block-heading\"><strong>Introduction<\/strong><\/h3>\n\n<p>Cette zone fournit une introduction aux composites, y compris le contexte des composites et la compr\u00e9hension du lien entre la conception et la fabrication avec des composites. <\/p>\n\n<h3 class=\"wp-block-heading\"><strong>Litt\u00e9rature ouverte<\/strong><\/h3>\n\n<p>Des sources sont fournies pour les revues et th\u00e8ses universitaires, les manuels, les normes, les revues sp\u00e9cialis\u00e9es et les manuels techniques sur les mat\u00e9riaux composites. <\/p>\n\n<h3 class=\"wp-block-heading\"><strong>Connaissances fondamentales<\/strong><\/h3>\n\n<p>Cette zone contient des informations sur les principes fondamentaux et la science sous-jacente de la fabrication et de la conception avec des composites.<\/p>\n\n<h3 class=\"wp-block-heading\"><strong>Connaissance des syst\u00e8mes et catalogue<\/strong><\/h3>\n\n<p>En examinant pratiquement les syst\u00e8mes requis pour la fabrication avec des composites, ce domaine a une description au niveau des syst\u00e8mes de l&rsquo;\u00e9quipement, des outils, des pi\u00e8ces et des mat\u00e9riaux, comment ceux-ci interagissent pour atteindre les r\u00e9sultats souhait\u00e9s et comment g\u00e9rer, optimiser et contr\u00f4ler le syst\u00e8me.<\/p>\n\n<h3 class=\"wp-block-heading\"><strong>Entraine toi<\/strong><\/h3>\n\n<p>En mettant les connaissances en pratique, ce domaine contient des recommandations et des conseils scientifiques pour soutenir les processus de prise de d\u00e9cision pour le d\u00e9veloppement de nouveaux produits, le renforcement des capacit\u00e9s des usines composites et l&rsquo;optimisation ou le d\u00e9pannage des usines composites existantes.<\/p>\n\n<h3 class=\"wp-block-heading\"><strong>\u00c9tudes de cas, perspectives et documents industriels<\/strong><\/h3>\n\n<p>Cette section contient des \u00e9tudes de cas r\u00e9elles, des perspectives historiques sur la recherche et la fabrication de composites et des documents exclusifs de CKN, tels que les sp\u00e9cifications de processus et les proc\u00e9dures de travail.<\/p>\n","protected":false},"excerpt":{"rendered":"<p>Le KPC fournit \u00e0 l&rsquo;industrie manufacturi\u00e8re un acc\u00e8s \u00e0 des ressources de pointe. Il pr\u00e9sente les pratiques de fabrication des composites d&rsquo;une mani\u00e8re facile \u00e0 naviguer, y compris des \u00e9tudes de cas, des conseils pratiques et des connaissances de base et au niveau des syst\u00e8mes. Construit sur la m\u00eame plate-forme que Wikip\u00e9dia, le KPC utilise &#8230; <a title=\"The Knowledge in Practice Centre\" class=\"read-more\" href=\"https:\/\/compositeskn.org\/fr\/centre-des-connaissances-appliquees\/\" aria-label=\"En savoir plus sur The Knowledge in Practice Centre\">Lire plus<\/a><\/p>\n","protected":false},"author":1,"featured_media":0,"parent":0,"menu_order":0,"comment_status":"closed","ping_status":"closed","template":"","meta":{"om_disable_all_campaigns":false,"inline_featured_image":false,"footnotes":""},"class_list":["post-851","page","type-page","status-publish"],"yoast_head":"<!-- This site is optimized with the Yoast SEO plugin v26.8 - https:\/\/yoast.com\/product\/yoast-seo-wordpress\/ -->\n<title>The Knowledge in Practice Centre - R\u00e9seau de mobilisation des connaissances en composites<\/title>\n<meta name=\"robots\" content=\"index, follow, max-snippet:-1, max-image-preview:large, max-video-preview:-1\" \/>\n<link rel=\"canonical\" href=\"https:\/\/compositeskn.org\/fr\/centre-des-connaissances-appliquees\/\" \/>\n<meta property=\"og:locale\" content=\"fr_FR\" \/>\n<meta property=\"og:type\" content=\"article\" \/>\n<meta property=\"og:title\" content=\"The Knowledge in Practice Centre - R\u00e9seau de mobilisation des connaissances en composites\" \/>\n<meta property=\"og:description\" content=\"Le KPC fournit \u00e0 l&rsquo;industrie manufacturi\u00e8re un acc\u00e8s \u00e0 des ressources de pointe. Il pr\u00e9sente les pratiques de fabrication des composites d&rsquo;une mani\u00e8re facile \u00e0 naviguer, y compris des \u00e9tudes de cas, des conseils pratiques et des connaissances de base et au niveau des syst\u00e8mes. Construit sur la m\u00eame plate-forme que Wikip\u00e9dia, le KPC utilise ... Lire plus\" \/>\n<meta property=\"og:url\" content=\"https:\/\/compositeskn.org\/fr\/centre-des-connaissances-appliquees\/\" \/>\n<meta property=\"og:site_name\" content=\"R\u00e9seau de mobilisation des connaissances en composites\" \/>\n<meta property=\"article:modified_time\" content=\"2021-05-05T02:14:41+00:00\" \/>\n<meta property=\"og:image\" content=\"https:\/\/compositeskn.org\/wp-content\/uploads\/2021\/04\/KPC_Header.jpg\" \/>\n<meta name=\"twitter:card\" content=\"summary_large_image\" \/>\n<meta name=\"twitter:site\" content=\"@CompositesKN\" \/>\n<meta name=\"twitter:label1\" content=\"Dur\u00e9e de lecture estim\u00e9e\" \/>\n\t<meta name=\"twitter:data1\" content=\"2 minutes\" \/>\n<script type=\"application\/ld+json\" class=\"yoast-schema-graph\">{\"@context\":\"https:\/\/schema.org\",\"@graph\":[{\"@type\":\"WebPage\",\"@id\":\"https:\/\/compositeskn.org\/fr\/centre-des-connaissances-appliquees\/\",\"url\":\"https:\/\/compositeskn.org\/fr\/centre-des-connaissances-appliquees\/\",\"name\":\"The Knowledge in Practice Centre - R\u00e9seau de mobilisation des connaissances en composites\",\"isPartOf\":{\"@id\":\"https:\/\/compositeskn.org\/#website\"},\"primaryImageOfPage\":{\"@id\":\"https:\/\/compositeskn.org\/fr\/centre-des-connaissances-appliquees\/#primaryimage\"},\"image\":{\"@id\":\"https:\/\/compositeskn.org\/fr\/centre-des-connaissances-appliquees\/#primaryimage\"},\"thumbnailUrl\":\"https:\/\/compositeskn.org\/wp-content\/uploads\/2021\/04\/KPC_Header.jpg\",\"datePublished\":\"2020-03-27T14:43:50+00:00\",\"dateModified\":\"2021-05-05T02:14:41+00:00\",\"breadcrumb\":{\"@id\":\"https:\/\/compositeskn.org\/fr\/centre-des-connaissances-appliquees\/#breadcrumb\"},\"inLanguage\":\"fr-FR\",\"potentialAction\":[{\"@type\":\"ReadAction\",\"target\":[\"https:\/\/compositeskn.org\/fr\/centre-des-connaissances-appliquees\/\"]}]},{\"@type\":\"ImageObject\",\"inLanguage\":\"fr-FR\",\"@id\":\"https:\/\/compositeskn.org\/fr\/centre-des-connaissances-appliquees\/#primaryimage\",\"url\":\"https:\/\/compositeskn.org\/wp-content\/uploads\/2021\/04\/KPC_Header.jpg\",\"contentUrl\":\"https:\/\/compositeskn.org\/wp-content\/uploads\/2021\/04\/KPC_Header.jpg\"},{\"@type\":\"BreadcrumbList\",\"@id\":\"https:\/\/compositeskn.org\/fr\/centre-des-connaissances-appliquees\/#breadcrumb\",\"itemListElement\":[{\"@type\":\"ListItem\",\"position\":1,\"name\":\"Home\",\"item\":\"https:\/\/compositeskn.org\/fr\/\"},{\"@type\":\"ListItem\",\"position\":2,\"name\":\"The Knowledge in Practice Centre\"}]},{\"@type\":\"WebSite\",\"@id\":\"https:\/\/compositeskn.org\/#website\",\"url\":\"https:\/\/compositeskn.org\/\",\"name\":\"R\u00e9seau de mobilisation des connaissances en composites\",\"description\":\"R\u00e9seau de mobilisation des connaissances en composites\",\"publisher\":{\"@id\":\"https:\/\/compositeskn.org\/#organization\"},\"potentialAction\":[{\"@type\":\"SearchAction\",\"target\":{\"@type\":\"EntryPoint\",\"urlTemplate\":\"https:\/\/compositeskn.org\/?s={search_term_string}\"},\"query-input\":{\"@type\":\"PropertyValueSpecification\",\"valueRequired\":true,\"valueName\":\"search_term_string\"}}],\"inLanguage\":\"fr-FR\"},{\"@type\":\"Organization\",\"@id\":\"https:\/\/compositeskn.org\/#organization\",\"name\":\"R\u00e9seau de mobilisation des connaissances en composites\",\"url\":\"https:\/\/compositeskn.org\/\",\"logo\":{\"@type\":\"ImageObject\",\"inLanguage\":\"fr-FR\",\"@id\":\"https:\/\/compositeskn.org\/#\/schema\/logo\/image\/\",\"url\":\"https:\/\/compositeskn.org\/wp-content\/uploads\/2021\/03\/ckn-logo-min.svg\",\"contentUrl\":\"https:\/\/compositeskn.org\/wp-content\/uploads\/2021\/03\/ckn-logo-min.svg\",\"caption\":\"R\u00e9seau de mobilisation des connaissances en composites\"},\"image\":{\"@id\":\"https:\/\/compositeskn.org\/#\/schema\/logo\/image\/\"},\"sameAs\":[\"https:\/\/x.com\/CompositesKN\",\"https:\/\/www.linkedin.com\/company\/compositeskn\"]}]}<\/script>\n<!-- \/ Yoast SEO plugin. -->","yoast_head_json":{"title":"The Knowledge in Practice Centre - R\u00e9seau de mobilisation des connaissances en composites","robots":{"index":"index","follow":"follow","max-snippet":"max-snippet:-1","max-image-preview":"max-image-preview:large","max-video-preview":"max-video-preview:-1"},"canonical":"https:\/\/compositeskn.org\/fr\/centre-des-connaissances-appliquees\/","og_locale":"fr_FR","og_type":"article","og_title":"The Knowledge in Practice Centre - R\u00e9seau de mobilisation des connaissances en composites","og_description":"Le KPC fournit \u00e0 l&rsquo;industrie manufacturi\u00e8re un acc\u00e8s \u00e0 des ressources de pointe. Il pr\u00e9sente les pratiques de fabrication des composites d&rsquo;une mani\u00e8re facile \u00e0 naviguer, y compris des \u00e9tudes de cas, des conseils pratiques et des connaissances de base et au niveau des syst\u00e8mes. Construit sur la m\u00eame plate-forme que Wikip\u00e9dia, le KPC utilise ... Lire plus","og_url":"https:\/\/compositeskn.org\/fr\/centre-des-connaissances-appliquees\/","og_site_name":"R\u00e9seau de mobilisation des connaissances en composites","article_modified_time":"2021-05-05T02:14:41+00:00","og_image":[{"url":"https:\/\/compositeskn.org\/wp-content\/uploads\/2021\/04\/KPC_Header.jpg","type":"","width":"","height":""}],"twitter_card":"summary_large_image","twitter_site":"@CompositesKN","twitter_misc":{"Dur\u00e9e de lecture estim\u00e9e":"2 minutes"},"schema":{"@context":"https:\/\/schema.org","@graph":[{"@type":"WebPage","@id":"https:\/\/compositeskn.org\/fr\/centre-des-connaissances-appliquees\/","url":"https:\/\/compositeskn.org\/fr\/centre-des-connaissances-appliquees\/","name":"The Knowledge in Practice Centre - R\u00e9seau de mobilisation des connaissances en composites","isPartOf":{"@id":"https:\/\/compositeskn.org\/#website"},"primaryImageOfPage":{"@id":"https:\/\/compositeskn.org\/fr\/centre-des-connaissances-appliquees\/#primaryimage"},"image":{"@id":"https:\/\/compositeskn.org\/fr\/centre-des-connaissances-appliquees\/#primaryimage"},"thumbnailUrl":"https:\/\/compositeskn.org\/wp-content\/uploads\/2021\/04\/KPC_Header.jpg","datePublished":"2020-03-27T14:43:50+00:00","dateModified":"2021-05-05T02:14:41+00:00","breadcrumb":{"@id":"https:\/\/compositeskn.org\/fr\/centre-des-connaissances-appliquees\/#breadcrumb"},"inLanguage":"fr-FR","potentialAction":[{"@type":"ReadAction","target":["https:\/\/compositeskn.org\/fr\/centre-des-connaissances-appliquees\/"]}]},{"@type":"ImageObject","inLanguage":"fr-FR","@id":"https:\/\/compositeskn.org\/fr\/centre-des-connaissances-appliquees\/#primaryimage","url":"https:\/\/compositeskn.org\/wp-content\/uploads\/2021\/04\/KPC_Header.jpg","contentUrl":"https:\/\/compositeskn.org\/wp-content\/uploads\/2021\/04\/KPC_Header.jpg"},{"@type":"BreadcrumbList","@id":"https:\/\/compositeskn.org\/fr\/centre-des-connaissances-appliquees\/#breadcrumb","itemListElement":[{"@type":"ListItem","position":1,"name":"Home","item":"https:\/\/compositeskn.org\/fr\/"},{"@type":"ListItem","position":2,"name":"The Knowledge in Practice Centre"}]},{"@type":"WebSite","@id":"https:\/\/compositeskn.org\/#website","url":"https:\/\/compositeskn.org\/","name":"R\u00e9seau de mobilisation des connaissances en composites","description":"R\u00e9seau de mobilisation des connaissances en composites","publisher":{"@id":"https:\/\/compositeskn.org\/#organization"},"potentialAction":[{"@type":"SearchAction","target":{"@type":"EntryPoint","urlTemplate":"https:\/\/compositeskn.org\/?s={search_term_string}"},"query-input":{"@type":"PropertyValueSpecification","valueRequired":true,"valueName":"search_term_string"}}],"inLanguage":"fr-FR"},{"@type":"Organization","@id":"https:\/\/compositeskn.org\/#organization","name":"R\u00e9seau de mobilisation des connaissances en composites","url":"https:\/\/compositeskn.org\/","logo":{"@type":"ImageObject","inLanguage":"fr-FR","@id":"https:\/\/compositeskn.org\/#\/schema\/logo\/image\/","url":"https:\/\/compositeskn.org\/wp-content\/uploads\/2021\/03\/ckn-logo-min.svg","contentUrl":"https:\/\/compositeskn.org\/wp-content\/uploads\/2021\/03\/ckn-logo-min.svg","caption":"R\u00e9seau de mobilisation des connaissances en composites"},"image":{"@id":"https:\/\/compositeskn.org\/#\/schema\/logo\/image\/"},"sameAs":["https:\/\/x.com\/CompositesKN","https:\/\/www.linkedin.com\/company\/compositeskn"]}]}},"jetpack_sharing_enabled":true,"_links":{"self":[{"href":"https:\/\/compositeskn.org\/fr\/wp-json\/wp\/v2\/pages\/851","targetHints":{"allow":["GET"]}}],"collection":[{"href":"https:\/\/compositeskn.org\/fr\/wp-json\/wp\/v2\/pages"}],"about":[{"href":"https:\/\/compositeskn.org\/fr\/wp-json\/wp\/v2\/types\/page"}],"author":[{"embeddable":true,"href":"https:\/\/compositeskn.org\/fr\/wp-json\/wp\/v2\/users\/1"}],"replies":[{"embeddable":true,"href":"https:\/\/compositeskn.org\/fr\/wp-json\/wp\/v2\/comments?post=851"}],"version-history":[{"count":22,"href":"https:\/\/compositeskn.org\/fr\/wp-json\/wp\/v2\/pages\/851\/revisions"}],"predecessor-version":[{"id":1647,"href":"https:\/\/compositeskn.org\/fr\/wp-json\/wp\/v2\/pages\/851\/revisions\/1647"}],"wp:attachment":[{"href":"https:\/\/compositeskn.org\/fr\/wp-json\/wp\/v2\/media?parent=851"}],"curies":[{"name":"wp","href":"https:\/\/api.w.org\/{rel}","templated":true}]}}