{"id":847,"date":"2020-03-27T14:38:34","date_gmt":"2020-03-27T14:38:34","guid":{"rendered":"https:\/\/compositeskn.org\/lequipe\/"},"modified":"2021-07-12T11:55:11","modified_gmt":"2021-07-12T18:55:11","slug":"lequipe","status":"publish","type":"page","link":"https:\/\/compositeskn.org\/fr\/lequipe\/","title":{"rendered":"L\u2019\u00e9quipe"},"content":{"rendered":"\n<div class=\"wp-block-cover alignfull has-background-dim remove-bottom-margin\" style=\"min-height:636px;aspect-ratio:unset;\"><img loading=\"lazy\" decoding=\"async\" width=\"2200\" height=\"1464\" class=\"wp-block-cover__image-background wp-image-1383\" alt=\"\" src=\"https:\/\/compositeskn.org\/wp-content\/uploads\/2021\/04\/About-1.jpg\" data-object-fit=\"cover\" srcset=\"https:\/\/compositeskn.org\/wp-content\/uploads\/2021\/04\/About-1.jpg 2200w, https:\/\/compositeskn.org\/wp-content\/uploads\/2021\/04\/About-1-300x200.jpg 300w, https:\/\/compositeskn.org\/wp-content\/uploads\/2021\/04\/About-1-1024x681.jpg 1024w, https:\/\/compositeskn.org\/wp-content\/uploads\/2021\/04\/About-1-768x511.jpg 768w, https:\/\/compositeskn.org\/wp-content\/uploads\/2021\/04\/About-1-1536x1022.jpg 1536w, https:\/\/compositeskn.org\/wp-content\/uploads\/2021\/04\/About-1-2048x1363.jpg 2048w\" sizes=\"auto, (max-width: 2200px) 100vw, 2200px\" \/><div class=\"wp-block-cover__inner-container is-layout-flow wp-block-cover-is-layout-flow\">\n<div style=\"height:120px\" aria-hidden=\"true\" class=\"wp-block-spacer\"><\/div>\n\n\n\n<div class=\"wp-block-group alignwide\"><div class=\"wp-block-group__inner-container is-layout-flow wp-block-group-is-layout-flow\">\n<h1 class=\"wp-block-heading\">L\u2019\u00e9quipe<\/h1>\n\n\n\n<p>L\u2019\u00e9quipe de gestion travaille ensemble de mani\u00e8re int\u00e9gr\u00e9e pour g\u00e9rer les activit\u00e9s du CKN et assurer la participation active du milieu universitaire et de l\u2019industrie.<\/p>\n\n\n\n<p><\/p>\n<\/div><\/div>\n\n\n\n<div style=\"height:60px\" aria-hidden=\"true\" class=\"wp-block-spacer\"><\/div>\n<\/div><\/div>\n\n<div style=\"height:40px\" aria-hidden=\"true\" class=\"wp-block-spacer\"><\/div>\n\n<h3 class=\"wp-block-heading\"><strong>Anoush Poursartip &#8211; Co-Director<\/strong><\/h3>\n\n<p><em>Director, Composites Research Network<br\/>Professor, Department of Materials Engineering, UBC <br\/>Director of Research, Convergent Manufacturing Technologies<\/em><\/p>\n\n<p>Anoush Poursartip \u0153uvre dans les solutions num\u00e9riques pour la production depuis plus de trente ans. Il s&rsquo;est concentr\u00e9 sur la fabrication de structures composites avanc\u00e9es, principalement pour le secteur a\u00e9rospatial. Initialement, son objectif \u00e9tait le d\u00e9veloppement de simulations num\u00e9riques des proc\u00e9d\u00e9s de fabrication pour r\u00e9duire les risques, les co\u00fbts et le temps de d\u00e9veloppement des produits. Ces travaux ont men\u00e9 \u00e0 la fondation de Convergent Manufacturing Technologies en 1998 et \u00e0 la fondation en 2012 du Composites Research Network \u00e0 l\u2019UBC. Au fur et \u00e0 mesure que les technologies de l&rsquo;industrie 4.0 se sont d\u00e9mocratis\u00e9es, les int\u00e9r\u00eats de Anoush se sont \u00e9largis au concept plus large du jumeau num\u00e9rique \u2013 identifier les conditions de fabrication dans une usine qui devraient \u00eatre mesur\u00e9es, comment les mesurer et comment les relier \u00e0 la qualit\u00e9 du produit, ainsi qu\u2019\u00e0 l&rsquo;efficacit\u00e9 et la robustesse de l&rsquo;usine.<\/p>\n\n<p>Anoush est r\u00e9cipiendaire de la m\u00e9daille d&rsquo;excellence en composites de l&rsquo;Universit\u00e9 du Delaware et du prix ASTM Wayne Stinchcomb. Il est membre de l&rsquo;Acad\u00e9mie canadienne du g\u00e9nie, de l&rsquo;ICCM et de SAMPE.<\/p>\n\n<h3 class=\"wp-block-heading\"><strong><strong>Mike Hudek, Co-Director<\/strong><\/strong><\/h3>\n\n<p><em>President, Polyvations, Inc.<\/em><\/p>\n\n<p>Mike Hudek travaille dans l&rsquo;industrie des composites depuis 2001 dans divers types d&rsquo;organisations, telles que fabricant d&rsquo;\u00e9quipement d&rsquo;origine, fabricant de composants, entretien, r\u00e9paration et r\u00e9vision et conseil. Son exp\u00e9rience dans l&rsquo;industrie couvre de nombreux segments de l&rsquo;industrie, notamment l&rsquo;a\u00e9rospatiale, les transports, les infrastructures civiles, l&rsquo;industrie, les articles de bain, les articles de sport, les produits de consommation et implique le soutien \u00e0 la fabrication, la R&amp;D, le d\u00e9veloppement de produits, le d\u00e9veloppement de processus, le d\u00e9veloppement des capacit\u00e9s de fabrication, les op\u00e9rations, le d\u00e9veloppement commercial, la d\u00e9finition de syst\u00e8me d&rsquo;entreprise et la mise en \u0153uvre. Mike a jou\u00e9 un r\u00f4le d\u00e9terminant dans la cr\u00e9ation, la croissance et la direction du Composites Innovation Centre, du consortium Canadian Composites Manufacturing R&amp;D Inc. et du Composites Research Network, sur une p\u00e9riode de 15 ans. La vaste perspective de l&rsquo;industrie de Mike et son exp\u00e9rience dans un large \u00e9ventail de postes techniques, de gestion et de direction apportent une perspective unique de l&rsquo;industrie et de larges connexions aux clients du Composite Knowledge Network. Depuis janvier 2020, Mike soutient directement l&rsquo;industrie via son cabinet de conseil, Polyvations Inc. Son objectif actuel est de soutenir la croissance et la r\u00e9silience de l&rsquo;industrie afin de cr\u00e9er des emplois durables et une prosp\u00e9rit\u00e9 \u00e9conomique.<\/p>\n\n<h3 class=\"wp-block-heading\"><strong>Suzana Topic &#8211; Managing Director<\/strong><\/h3>\n\n<p><em>Manager, Composites Research Network<\/em><\/p>\n\n<p>Suzana Topic est gestionnaire du Composites Research Network (CRN) depuis sa cr\u00e9ation et est actuellement directrice g\u00e9n\u00e9rale du R\u00e9seau de mobilisation des connaissances en composites (CKN) (initiative de mobilisation des connaissances des r\u00e9seaux de centres d&rsquo;excellence). Suzana est responsable de la strat\u00e9gie commerciale, de la gestion financi\u00e8re et des ressources humaines. Elle a coordonn\u00e9 tous les efforts vers le d\u00e9veloppement du CRN et du CKN, supervise l&rsquo;\u00e9quipe des op\u00e9rations et est responsable de la planification et de l&rsquo;organisation des \u00e9v\u00e9nements du r\u00e9seau et des r\u00e9unions du conseil d\u2019administration. Avant de se joindre au CRN, Suzana \u00e9tait gestionnaire de la recherche \u00e0 la Facult\u00e9 des sciences pharmaceutiques de l&rsquo;UBC. Elle poss\u00e8de une ma\u00eetrise (McMaster) et un MBA (Queens), ainsi que cinq ann\u00e9es d\u2019exp\u00e9rience dans le secteur de la biotechnologie, en d\u00e9veloppement des affaires et en propri\u00e9t\u00e9 intellectuelle (Angiotech Pharmaceuticals, Inc.).<\/p>\n\n<h3 class=\"wp-block-heading\"><strong>Casey Keulen \u2013 Director, Knowledge in Practice Centre<\/strong><\/h3>\n\n<p><em>Assistant Professor of Teaching, Department of Materials Engineering, UBC<br\/>Co-Director, Master of Engineering Leadership, AMM Program, UBC<\/em><\/p>\n\n<p>Casey Keulen est impliqu\u00e9 dans les composites \u00e0 matrice polym\u00e8re depuis plus de 15 ans. Il est titulaire d&rsquo;un M.A.Sc. et Ph.D. en g\u00e9nie m\u00e9canique de l&rsquo;Universit\u00e9 de Victoria. Avant de rejoindre le Composites Research Network (CRN) en 2012, Casey a travaill\u00e9 chez Profile Composites Inc. sur des projets dans les secteurs de l&rsquo;a\u00e9rospatiale, de l&rsquo;automobile, de la marine, de l&rsquo;\u00e9nergie \u00e9olienne, des appareils \u00e0 pression et des sports\/loisirs avec une vari\u00e9t\u00e9 de mat\u00e9riaux et de proc\u00e9d\u00e9s. Pendant son s\u00e9jour au CRN, Casey a travaill\u00e9 avec plus de 150 entreprises: petites \u00e0 grandes, locales \u00e0 internationales. En 2019, Casey est devenu professeur adjoint d&rsquo;enseignement au d\u00e9partement de g\u00e9nie des mat\u00e9riaux de l&rsquo;Universit\u00e9 de la Colombie-Britannique, en se concentrant sur le programme de premier cycle en g\u00e9nie de la fabrication. Il a un vif int\u00e9r\u00eat pour l&rsquo;\u00e9ducation du premier cycle au d\u00e9veloppement professionnel continu.<\/p>\n\n<h3 class=\"wp-block-heading\"><strong>Christophe Mobuchon \u2013 Director, Industry Projects<\/strong><\/h3>\n\n<p><em>Research Associate, Department of Materials Engineering, UBC<\/em><\/p>\n\n<p>Christophe Mobuchon est un scientifique des mat\u00e9riaux avec plus de 10 ans d&rsquo;exp\u00e9rience dans la formulation, la caract\u00e9risation et le traitement des composites \u00e0 base de polym\u00e8res. Il a obtenu son M.A.Sc. et Ph.D. en g\u00e9nie chimique de Polytechnique Montr\u00e9al. Il est le r\u00e9cipiendaire du prix Rio Tinto Alcan 2006 pour l&rsquo;excellence acad\u00e9mique et de recherche. Avant de rejoindre le CRN, il \u00e9tait professeur assistant titulaire \u00e0 Centrale de Nantes (France) o\u00f9 il \u00e9tait responsable du d\u00e9veloppement et de la coordination d&rsquo;un nouveau programme de sp\u00e9cialit\u00e9 sur les mat\u00e9riaux composites. En 2014, il a co-fond\u00e9 une entreprise, Tesseraz Composites, consacr\u00e9e au d\u00e9veloppement et \u00e0 la fabrication de composites \u00e9conomes en \u00e9nergie pour les espaces r\u00e9sidentiels et commerciaux. Il a invent\u00e9 de nouvelles technologies telles que le mode de test 2D-SAOS commercialis\u00e9 par TA Instruments. Au CRN, Christophe a supervis\u00e9 des dizaines de collaborations industrielles avec un large \u00e9ventail de PME et d&rsquo;entreprises internationales pour d\u00e9velopper de nouveaux produits et proc\u00e9d\u00e9s de fabrication.<\/p>\n\n<h3 class=\"wp-block-heading\"><strong><strong>John Davies &#8211; Business Development<\/strong><\/strong><\/h3>\n\n<p><em>Principal, Physical Sciences Innovation Corporation<\/em><\/p>\n\n<p>John est un expert en commercialisation de la recherche qui, depuis 25 ans, aide les universit\u00e9s et autres \u00e9tablissements de recherche \u00e0 d\u00e9finir des strat\u00e9gies de recherche, d&rsquo;innovation et d&rsquo;engagement. Il d\u00e9tient un baccalaur\u00e9at d&rsquo;Oxford, une ma\u00eetrise de McGill et est comptable agr\u00e9\u00e9. Il a occup\u00e9 des postes de direction au Royaume-Uni, en Europe du Nord et en Am\u00e9rique du Nord.<\/p>\n\n<h3 class=\"wp-block-heading\"><strong>Elicia Maine &#8211; Strategy and Innovation<\/strong><\/h3>\n\n<p><em>VanDusen Professor of Innovation &amp; Entrepreneurship, Beedie School of Business, Simon Fraser University<\/em><\/p>\n\n<p>Elicia Maine est professeure VanDusen d&rsquo;innovation et d&rsquo;entrepreneuriat \u00e0 la Beedie School of Business de l&rsquo;Universit\u00e9 Simon Fraser. Elle est \u00e9galement fondatrice et directrice acad\u00e9mique du programme Invention to Innovation (i2I), un certificat d&rsquo;\u00e9tudes sup\u00e9rieures \u00abmini MBA\u00bb en commercialisation des sciences et technologies. Elicia enseigne \u00abGestion de l&rsquo;innovation technologique\u00bb, au niveau MBA, \u00abLab to Market\u00bb \u00e0 des scientifiques et ing\u00e9nieurs dipl\u00f4m\u00e9s, et supervise des projets appliqu\u00e9s de MBA. Ses recherches portent sur la dynamique de l&rsquo;innovation dans les secteurs des mat\u00e9riaux avanc\u00e9s, des nanomat\u00e9riaux, de la biotechnologie et des technologies propres, avec un accent sur les entreprises scientifiques et technologiques. Elicia est une conf\u00e9renci\u00e8re et pan\u00e9liste fr\u00e9quente et dynamique, si\u00e8ge aux conseils d\u2019administration de Foresight Clean Tech Accelerator et de New Ventures BC d\u2019Innovate BC et est un mentor actif aupr\u00e8s des scientifiques-entrepreneurs. <\/p>\n\n<h3 class=\"wp-block-heading\"><strong>Reza Vaziri &#8211; Scientific Director<\/strong><\/h3>\n\n<p><em>Professor, Department of Civil Engineering, UBC<br\/>Scientific Director, Composites Research Network<\/em><\/p>\n\n<p>Reza Vaziri est professeur au D\u00e9partement de g\u00e9nie civil et directeur scientifique du R\u00e9seau de recherche sur les composites \u00e0 l&rsquo;Universit\u00e9 de la Colombie-Britannique. Il a \u00e9t\u00e9 chef du d\u00e9partement de g\u00e9nie civil de 2008 \u00e0 2014. Reza a obtenu son B.Sc. en g\u00e9nie civil de l&rsquo;University College London, Angleterre (1982), et son M.A.Sc. et Ph.D. Dipl\u00f4m\u00e9s de l&rsquo;UBC (1985 et 1989), se sp\u00e9cialisant dans les structures et la m\u00e9canique appliqu\u00e9e et la m\u00e9canique des mat\u00e9riaux composites renforc\u00e9s de fibres. La contribution de Reza \u00e0 la recherche en ing\u00e9nierie a \u00e9t\u00e9 le d\u00e9veloppement de techniques de mod\u00e9lisation informatique pour r\u00e9soudre une vari\u00e9t\u00e9 de probl\u00e8mes dans les mat\u00e9riaux et les structures et le transfert de la technologie \u00e0 la communaut\u00e9 des utilisateurs (par exemple, les industries, les agences de recherche gouvernementales et les entreprises priv\u00e9es). Ses recherches se sont concentr\u00e9es sur le d\u00e9veloppement de techniques de mod\u00e9lisation analytique et num\u00e9rique pour simuler le processus de fabrication de structures composites ainsi que leur comportement \u00e0 la rupture et aux dommages sous des charges de service, y compris des charges d&rsquo;impact et de collision de haute intensit\u00e9. <\/p>\n\n<h3 class=\"wp-block-heading\"><strong>Yasmine Abdin \u2013 Technical Director<\/strong><\/h3>\n\n<p><em>Assistant Professor, Department of Materials Engineering, Faculty of Applied Science, UBC<\/em><\/p>\n\n<p>Yasmine Abdin est professeure adjointe au D\u00e9partement de g\u00e9nie des mat\u00e9riaux, Facult\u00e9 des sciences appliqu\u00e9es, Universit\u00e9 de la Colombie-Britannique. Elle a obtenu sa B.Sc. et M.Sc. dipl\u00f4mes du d\u00e9partement de g\u00e9nie m\u00e9canique de l&rsquo;Universit\u00e9 Ain Shams en \u00c9gypte avec une sp\u00e9cialisation sur les mat\u00e9riaux composites. Elle a obtenu sa doctorat. Dipl\u00f4me en composites du D\u00e9partement d&rsquo;Ing\u00e9nierie des Mat\u00e9riaux, KULeuven, Belgique. Avant de se joindre \u00e0 l&rsquo;UBC, elle a travaill\u00e9 comme associ\u00e9e de recherche postdoctorale \u00e0 Polytechnique Montr\u00e9al au Canada. Yasmine a un large \u00e9ventail d&rsquo;int\u00e9r\u00eats de recherche dans les composites et se concentre actuellement sur les dommages et la durabilit\u00e9 des mat\u00e9riaux composites et utilise des techniques exp\u00e9rimentales et de mod\u00e9lisation avanc\u00e9es pour lier la fabrication au comportement des composants. <\/p>\n\n<p><br\/><\/p>\n","protected":false},"excerpt":{"rendered":"<p>Anoush Poursartip &#8211; Co-Director Director, Composites Research NetworkProfessor, Department of Materials Engineering, UBC Director of Research, Convergent Manufacturing Technologies Anoush Poursartip \u0153uvre dans les solutions num\u00e9riques pour la production depuis plus de trente ans. Il s&rsquo;est concentr\u00e9 sur la fabrication de structures composites avanc\u00e9es, principalement pour le secteur a\u00e9rospatial. Initialement, son objectif \u00e9tait le d\u00e9veloppement &#8230; <a title=\"L\u2019\u00e9quipe\" class=\"read-more\" href=\"https:\/\/compositeskn.org\/fr\/lequipe\/\" aria-label=\"En savoir plus sur L\u2019\u00e9quipe\">Lire plus<\/a><\/p>\n","protected":false},"author":1,"featured_media":0,"parent":0,"menu_order":0,"comment_status":"closed","ping_status":"closed","template":"","meta":{"om_disable_all_campaigns":false,"inline_featured_image":false,"footnotes":""},"class_list":["post-847","page","type-page","status-publish"],"yoast_head":"<!-- This site is optimized with the Yoast SEO plugin v26.8 - https:\/\/yoast.com\/product\/yoast-seo-wordpress\/ -->\n<title>L\u2019\u00e9quipe - R\u00e9seau de mobilisation des connaissances en composites<\/title>\n<meta name=\"robots\" content=\"index, follow, max-snippet:-1, max-image-preview:large, max-video-preview:-1\" \/>\n<link rel=\"canonical\" href=\"https:\/\/compositeskn.org\/management\/\" \/>\n<meta property=\"og:locale\" content=\"fr_FR\" \/>\n<meta property=\"og:type\" content=\"article\" \/>\n<meta property=\"og:title\" content=\"L\u2019\u00e9quipe - R\u00e9seau de mobilisation des connaissances en composites\" \/>\n<meta property=\"og:description\" content=\"Anoush Poursartip &#8211; Co-Director Director, Composites Research NetworkProfessor, Department of Materials Engineering, UBC Director of Research, Convergent Manufacturing Technologies Anoush Poursartip \u0153uvre dans les solutions num\u00e9riques pour la production depuis plus de trente ans. Il s&rsquo;est concentr\u00e9 sur la fabrication de structures composites avanc\u00e9es, principalement pour le secteur a\u00e9rospatial. Initialement, son objectif \u00e9tait le d\u00e9veloppement ... Lire plus\" \/>\n<meta property=\"og:url\" content=\"https:\/\/compositeskn.org\/management\/\" \/>\n<meta property=\"og:site_name\" content=\"R\u00e9seau de mobilisation des connaissances en composites\" \/>\n<meta property=\"article:modified_time\" content=\"2021-07-12T18:55:11+00:00\" \/>\n<meta property=\"og:image\" content=\"https:\/\/compositeskn.org\/wp-content\/uploads\/2021\/04\/About-1.jpg\" \/>\n<meta name=\"twitter:card\" content=\"summary_large_image\" \/>\n<meta name=\"twitter:site\" content=\"@CompositesKN\" \/>\n<meta name=\"twitter:label1\" content=\"Dur\u00e9e de lecture estim\u00e9e\" \/>\n\t<meta name=\"twitter:data1\" content=\"8 minutes\" \/>\n<script type=\"application\/ld+json\" class=\"yoast-schema-graph\">{\"@context\":\"https:\/\/schema.org\",\"@graph\":[{\"@type\":\"WebPage\",\"@id\":\"https:\/\/compositeskn.org\/management\/\",\"url\":\"https:\/\/compositeskn.org\/management\/\",\"name\":\"L\u2019\u00e9quipe - R\u00e9seau de mobilisation des connaissances en composites\",\"isPartOf\":{\"@id\":\"https:\/\/compositeskn.org\/#website\"},\"primaryImageOfPage\":{\"@id\":\"https:\/\/compositeskn.org\/management\/#primaryimage\"},\"image\":{\"@id\":\"https:\/\/compositeskn.org\/management\/#primaryimage\"},\"thumbnailUrl\":\"https:\/\/compositeskn.org\/wp-content\/uploads\/2021\/04\/About-1.jpg\",\"datePublished\":\"2020-03-27T14:38:34+00:00\",\"dateModified\":\"2021-07-12T18:55:11+00:00\",\"breadcrumb\":{\"@id\":\"https:\/\/compositeskn.org\/management\/#breadcrumb\"},\"inLanguage\":\"fr-FR\",\"potentialAction\":[{\"@type\":\"ReadAction\",\"target\":[\"https:\/\/compositeskn.org\/management\/\"]}]},{\"@type\":\"ImageObject\",\"inLanguage\":\"fr-FR\",\"@id\":\"https:\/\/compositeskn.org\/management\/#primaryimage\",\"url\":\"https:\/\/compositeskn.org\/wp-content\/uploads\/2021\/04\/About-1.jpg\",\"contentUrl\":\"https:\/\/compositeskn.org\/wp-content\/uploads\/2021\/04\/About-1.jpg\"},{\"@type\":\"BreadcrumbList\",\"@id\":\"https:\/\/compositeskn.org\/management\/#breadcrumb\",\"itemListElement\":[{\"@type\":\"ListItem\",\"position\":1,\"name\":\"Home\",\"item\":\"https:\/\/compositeskn.org\/fr\/\"},{\"@type\":\"ListItem\",\"position\":2,\"name\":\"L\u2019\u00e9quipe\"}]},{\"@type\":\"WebSite\",\"@id\":\"https:\/\/compositeskn.org\/#website\",\"url\":\"https:\/\/compositeskn.org\/\",\"name\":\"R\u00e9seau de mobilisation des connaissances en composites\",\"description\":\"R\u00e9seau de mobilisation des connaissances en composites\",\"publisher\":{\"@id\":\"https:\/\/compositeskn.org\/#organization\"},\"potentialAction\":[{\"@type\":\"SearchAction\",\"target\":{\"@type\":\"EntryPoint\",\"urlTemplate\":\"https:\/\/compositeskn.org\/?s={search_term_string}\"},\"query-input\":{\"@type\":\"PropertyValueSpecification\",\"valueRequired\":true,\"valueName\":\"search_term_string\"}}],\"inLanguage\":\"fr-FR\"},{\"@type\":\"Organization\",\"@id\":\"https:\/\/compositeskn.org\/#organization\",\"name\":\"R\u00e9seau de mobilisation des connaissances en composites\",\"url\":\"https:\/\/compositeskn.org\/\",\"logo\":{\"@type\":\"ImageObject\",\"inLanguage\":\"fr-FR\",\"@id\":\"https:\/\/compositeskn.org\/#\/schema\/logo\/image\/\",\"url\":\"https:\/\/compositeskn.org\/wp-content\/uploads\/2021\/03\/ckn-logo-min.svg\",\"contentUrl\":\"https:\/\/compositeskn.org\/wp-content\/uploads\/2021\/03\/ckn-logo-min.svg\",\"caption\":\"R\u00e9seau de mobilisation des connaissances en composites\"},\"image\":{\"@id\":\"https:\/\/compositeskn.org\/#\/schema\/logo\/image\/\"},\"sameAs\":[\"https:\/\/x.com\/CompositesKN\",\"https:\/\/www.linkedin.com\/company\/compositeskn\"]}]}<\/script>\n<!-- \/ Yoast SEO plugin. -->","yoast_head_json":{"title":"L\u2019\u00e9quipe - R\u00e9seau de mobilisation des connaissances en composites","robots":{"index":"index","follow":"follow","max-snippet":"max-snippet:-1","max-image-preview":"max-image-preview:large","max-video-preview":"max-video-preview:-1"},"canonical":"https:\/\/compositeskn.org\/management\/","og_locale":"fr_FR","og_type":"article","og_title":"L\u2019\u00e9quipe - R\u00e9seau de mobilisation des connaissances en composites","og_description":"Anoush Poursartip &#8211; Co-Director Director, Composites Research NetworkProfessor, Department of Materials Engineering, UBC Director of Research, Convergent Manufacturing Technologies Anoush Poursartip \u0153uvre dans les solutions num\u00e9riques pour la production depuis plus de trente ans. Il s&rsquo;est concentr\u00e9 sur la fabrication de structures composites avanc\u00e9es, principalement pour le secteur a\u00e9rospatial. Initialement, son objectif \u00e9tait le d\u00e9veloppement ... Lire plus","og_url":"https:\/\/compositeskn.org\/management\/","og_site_name":"R\u00e9seau de mobilisation des connaissances en composites","article_modified_time":"2021-07-12T18:55:11+00:00","og_image":[{"url":"https:\/\/compositeskn.org\/wp-content\/uploads\/2021\/04\/About-1.jpg","type":"","width":"","height":""}],"twitter_card":"summary_large_image","twitter_site":"@CompositesKN","twitter_misc":{"Dur\u00e9e de lecture estim\u00e9e":"8 minutes"},"schema":{"@context":"https:\/\/schema.org","@graph":[{"@type":"WebPage","@id":"https:\/\/compositeskn.org\/management\/","url":"https:\/\/compositeskn.org\/management\/","name":"L\u2019\u00e9quipe - R\u00e9seau de mobilisation des connaissances en composites","isPartOf":{"@id":"https:\/\/compositeskn.org\/#website"},"primaryImageOfPage":{"@id":"https:\/\/compositeskn.org\/management\/#primaryimage"},"image":{"@id":"https:\/\/compositeskn.org\/management\/#primaryimage"},"thumbnailUrl":"https:\/\/compositeskn.org\/wp-content\/uploads\/2021\/04\/About-1.jpg","datePublished":"2020-03-27T14:38:34+00:00","dateModified":"2021-07-12T18:55:11+00:00","breadcrumb":{"@id":"https:\/\/compositeskn.org\/management\/#breadcrumb"},"inLanguage":"fr-FR","potentialAction":[{"@type":"ReadAction","target":["https:\/\/compositeskn.org\/management\/"]}]},{"@type":"ImageObject","inLanguage":"fr-FR","@id":"https:\/\/compositeskn.org\/management\/#primaryimage","url":"https:\/\/compositeskn.org\/wp-content\/uploads\/2021\/04\/About-1.jpg","contentUrl":"https:\/\/compositeskn.org\/wp-content\/uploads\/2021\/04\/About-1.jpg"},{"@type":"BreadcrumbList","@id":"https:\/\/compositeskn.org\/management\/#breadcrumb","itemListElement":[{"@type":"ListItem","position":1,"name":"Home","item":"https:\/\/compositeskn.org\/fr\/"},{"@type":"ListItem","position":2,"name":"L\u2019\u00e9quipe"}]},{"@type":"WebSite","@id":"https:\/\/compositeskn.org\/#website","url":"https:\/\/compositeskn.org\/","name":"R\u00e9seau de mobilisation des connaissances en composites","description":"R\u00e9seau de mobilisation des connaissances en composites","publisher":{"@id":"https:\/\/compositeskn.org\/#organization"},"potentialAction":[{"@type":"SearchAction","target":{"@type":"EntryPoint","urlTemplate":"https:\/\/compositeskn.org\/?s={search_term_string}"},"query-input":{"@type":"PropertyValueSpecification","valueRequired":true,"valueName":"search_term_string"}}],"inLanguage":"fr-FR"},{"@type":"Organization","@id":"https:\/\/compositeskn.org\/#organization","name":"R\u00e9seau de mobilisation des connaissances en composites","url":"https:\/\/compositeskn.org\/","logo":{"@type":"ImageObject","inLanguage":"fr-FR","@id":"https:\/\/compositeskn.org\/#\/schema\/logo\/image\/","url":"https:\/\/compositeskn.org\/wp-content\/uploads\/2021\/03\/ckn-logo-min.svg","contentUrl":"https:\/\/compositeskn.org\/wp-content\/uploads\/2021\/03\/ckn-logo-min.svg","caption":"R\u00e9seau de mobilisation des connaissances en composites"},"image":{"@id":"https:\/\/compositeskn.org\/#\/schema\/logo\/image\/"},"sameAs":["https:\/\/x.com\/CompositesKN","https:\/\/www.linkedin.com\/company\/compositeskn"]}]}},"jetpack_sharing_enabled":true,"_links":{"self":[{"href":"https:\/\/compositeskn.org\/fr\/wp-json\/wp\/v2\/pages\/847","targetHints":{"allow":["GET"]}}],"collection":[{"href":"https:\/\/compositeskn.org\/fr\/wp-json\/wp\/v2\/pages"}],"about":[{"href":"https:\/\/compositeskn.org\/fr\/wp-json\/wp\/v2\/types\/page"}],"author":[{"embeddable":true,"href":"https:\/\/compositeskn.org\/fr\/wp-json\/wp\/v2\/users\/1"}],"replies":[{"embeddable":true,"href":"https:\/\/compositeskn.org\/fr\/wp-json\/wp\/v2\/comments?post=847"}],"version-history":[{"count":34,"href":"https:\/\/compositeskn.org\/fr\/wp-json\/wp\/v2\/pages\/847\/revisions"}],"predecessor-version":[{"id":1837,"href":"https:\/\/compositeskn.org\/fr\/wp-json\/wp\/v2\/pages\/847\/revisions\/1837"}],"wp:attachment":[{"href":"https:\/\/compositeskn.org\/fr\/wp-json\/wp\/v2\/media?parent=847"}],"curies":[{"name":"wp","href":"https:\/\/api.w.org\/{rel}","templated":true}]}}