{"id":844,"date":"2020-03-27T14:30:34","date_gmt":"2020-03-27T14:30:34","guid":{"rendered":"https:\/\/compositeskn.org\/manivelle-de-velo-en-fibre-de-carbone-faite-en-c-b\/"},"modified":"2020-03-27T14:30:35","modified_gmt":"2020-03-27T14:30:35","slug":"manivelle-de-velo-en-fibre-de-carbone-faite-en-c-b","status":"publish","type":"page","link":"https:\/\/compositeskn.org\/fr\/manivelle-de-velo-en-fibre-de-carbone-faite-en-c-b\/","title":{"rendered":"Manivelle de v\u00e9lo en fibre de carbone faite en C.-B."},"content":{"rendered":"\n<h2 class=\"wp-block-heading\" id=\"mce_0\"><span style=\"font-weight: 400;\">Optimisation du proc\u00e9d\u00e9 de fabrication. <\/span><\/h2>\n\n<p><span style=\"font-weight: 400;\"><strong><em>D\u00e9fi:<\/em><\/strong><\/span>&#13;\n&#13;\n<span style=\"font-weight: 400;\">Un fabricant de pi\u00e8ces de v\u00e9lo bas\u00e9 \u00e0 Vancouver produit localement des pi\u00e8ces de v\u00e9lo en fibre de carbone de mani\u00e8re comp\u00e9titive gr\u00e2ce \u00e0 leur proc\u00e9d\u00e9 unique. En contrepartie, de nombreuses pi\u00e8ces similaires sont produites \u00e0 l&rsquo;\u00e9tranger. Pour \u00eatre plus comp\u00e9titifs, ils ont d\u00fb augmenter leur cadence de production en limitant les inconv\u00e9nients.<\/span><\/p>\n\n<p><strong><em>Approche:<\/em><\/strong>&#13;\n&#13;\n<span style=\"font-weight: 400;\">Avec le soutien du CKN et en se basant sur l&rsquo;expertise du CRN en mati\u00e8re de mod\u00e9lisation des proc\u00e9d\u00e9s, l\u2019entreprise a pu optimiser son proc\u00e9d\u00e9 et augmenter le taux de production \u00e0 un co\u00fbt minimal. Cette approche est fond\u00e9e sur les mod\u00e8les sophistiqu\u00e9s de proc\u00e9d\u00e9s bas\u00e9s sur la physique, qui ont \u00e9t\u00e9 d\u00e9velopp\u00e9s \u00e0 prix co\u00fbteux pour des applications a\u00e9rospatiales, et les a adapt\u00e9s \u00e0 ce probl\u00e8me.<\/span><\/p>\n\n<p><em><strong>Solution:<\/strong><\/em>&#13;\n&#13;\n<span style=\"font-weight: 400;\">Doubler le taux de production. R\u00e9duction de plus de 50% du temps de fabrication.<\/span><\/p>\n\n<blockquote class=\"wp-block-quote is-layout-flow wp-block-quote-is-layout-flow\"><p><em><span style=\"font-weight: 400;\">\u00ab Travailler avec le CRN nous a aid\u00e9s \u00e0 mieux comprendre notre proc\u00e9d\u00e9 de fabrication et \u00e0 augmenter consid\u00e9rablement notre capacit\u00e9 de production. Avant de contacter le CRN, nous \u00e9tions lourdement limit\u00e9s par la capacit\u00e9 de nos presses et nos co\u00fbts d&rsquo;outillage \u00e9lev\u00e9s. Gr\u00e2ce \u00e0 notre proc\u00e9d\u00e9 optimis\u00e9, nous avons le potentiel de doubler notre capacit\u00e9, pratiquement sans frais et sans perte de performances pour le produit. L&rsquo;\u00e9quipe de fabrication et d&rsquo;ing\u00e9nierie Race Face a \u00e9t\u00e9 mise au d\u00e9fi de mieux comprendre le mod\u00e8le cin\u00e9tique de notre r\u00e9sine, et le CRN nous a fourni les ressources, l&rsquo;\u00e9quipement de laboratoire de pointe et les connaissances pour accomplir ce que nous cherchions \u00e0 r\u00e9soudre en tant que marque. \u00bb<\/span><\/em><\/p><cite><span style=\"font-weight: 400;\">Rob Moore, Directeur de l\u2019ing\u00e9nierie, Race Face<\/span><\/cite><\/blockquote>\n\n<hr class=\"wp-block-separator is-style-dots\"\/>\n\n<p><strong><em>D\u00e9tails de l\u2019approche<\/em><\/strong><\/p>\n\n<p style=\"text-align:center\"><strong>\u00c9valuer les proc\u00e9d\u00e9s de fabrications actuels.<\/strong><\/p>\n\n<div class=\"wp-block-image\"><figure class=\"aligncenter is-resized\"><img loading=\"lazy\" decoding=\"async\" src=\"https:\/\/compositeskn.org\/wp-content\/uploads\/2019\/04\/AssessCurrentManProc.png\" alt=\"\" class=\"wp-image-492\" width=\"342\" height=\"66\" srcset=\"https:\/\/compositeskn.org\/wp-content\/uploads\/2019\/04\/AssessCurrentManProc.png 916w, https:\/\/compositeskn.org\/wp-content\/uploads\/2019\/04\/AssessCurrentManProc-300x57.png 300w, https:\/\/compositeskn.org\/wp-content\/uploads\/2019\/04\/AssessCurrentManProc-768x147.png 768w\" sizes=\"auto, (max-width: 342px) 100vw, 342px\" \/><\/figure><\/div>\n\n<p style=\"text-align:center\"><strong>Caract\u00e9riser le mat\u00e9riau et am\u00e9liorer le mod\u00e8le cin\u00e9tique de polym\u00e9risation<\/strong><\/p>\n\n<div class=\"wp-block-image\"><figure class=\"aligncenter is-resized\"><img loading=\"lazy\" decoding=\"async\" src=\"https:\/\/compositeskn.org\/wp-content\/uploads\/2019\/04\/CharMatandOpt.png\" alt=\"\" class=\"wp-image-493\" width=\"387\" height=\"120\" srcset=\"https:\/\/compositeskn.org\/wp-content\/uploads\/2019\/04\/CharMatandOpt.png 792w, https:\/\/compositeskn.org\/wp-content\/uploads\/2019\/04\/CharMatandOpt-300x93.png 300w, https:\/\/compositeskn.org\/wp-content\/uploads\/2019\/04\/CharMatandOpt-768x238.png 768w\" sizes=\"auto, (max-width: 387px) 100vw, 387px\" \/><\/figure><\/div>\n\n<p style=\"text-align:center\"><strong>Proposer un proc\u00e9d\u00e9 r\u00e9vis\u00e9 et valider par des tests.\u00a0<\/strong><\/p>\n\n<div class=\"wp-block-image\"><figure class=\"aligncenter is-resized\"><img loading=\"lazy\" decoding=\"async\" src=\"https:\/\/compositeskn.org\/wp-content\/uploads\/2019\/04\/Validatewithtesting-1024x218.png\" alt=\"\" class=\"wp-image-495\" width=\"512\" height=\"109\" srcset=\"https:\/\/compositeskn.org\/wp-content\/uploads\/2019\/04\/Validatewithtesting-1024x218.png 1024w, https:\/\/compositeskn.org\/wp-content\/uploads\/2019\/04\/Validatewithtesting-300x64.png 300w, https:\/\/compositeskn.org\/wp-content\/uploads\/2019\/04\/Validatewithtesting-768x164.png 768w, https:\/\/compositeskn.org\/wp-content\/uploads\/2019\/04\/Validatewithtesting.png 1403w\" sizes=\"auto, (max-width: 512px) 100vw, 512px\" \/><\/figure><\/div>\n\n<p><em><strong>R\u00e9percussions:<\/strong><\/em><\/p>\n\n<p>L&rsquo;entreprise a r\u00e9alis\u00e9 une r\u00e9duction de plus de 50% du temps de fabrication &#8211; Le temps de fabrication d\u2019une pi\u00e8ce est pass\u00e9 de 12 minutes \u00e0 moins de 6 minutes. De plus, l\u2019entreprise cherchait \u00e0 embaucher un ing\u00e9nieur de fabrication, le CRN a alors recommand\u00e9 un ancien stagiaire, qui est maintenant employ\u00e9 \u00e0 temps plein. Depuis, les installations ont \u00e9t\u00e9 agrandies.<\/p>\n","protected":false},"excerpt":{"rendered":"<p>Optimisation du proc\u00e9d\u00e9 de fabrication. D\u00e9fi:&#13; &#13; Un fabricant de pi\u00e8ces de v\u00e9lo bas\u00e9 \u00e0 Vancouver produit localement des pi\u00e8ces de v\u00e9lo en fibre de carbone de mani\u00e8re comp\u00e9titive gr\u00e2ce \u00e0 leur proc\u00e9d\u00e9 unique. En contrepartie, de nombreuses pi\u00e8ces similaires sont produites \u00e0 l&rsquo;\u00e9tranger. Pour \u00eatre plus comp\u00e9titifs, ils ont d\u00fb augmenter leur cadence de &#8230; <a title=\"Manivelle de v\u00e9lo en fibre de carbone faite en C.-B.\" class=\"read-more\" href=\"https:\/\/compositeskn.org\/fr\/manivelle-de-velo-en-fibre-de-carbone-faite-en-c-b\/\" aria-label=\"En savoir plus sur Manivelle de v\u00e9lo en fibre de carbone faite en C.-B.\">Lire plus<\/a><\/p>\n","protected":false},"author":1,"featured_media":0,"parent":0,"menu_order":0,"comment_status":"closed","ping_status":"closed","template":"","meta":{"om_disable_all_campaigns":false,"inline_featured_image":false,"footnotes":""},"class_list":["post-844","page","type-page","status-publish"],"yoast_head":"<!-- This site is optimized with the Yoast SEO plugin v26.8 - https:\/\/yoast.com\/product\/yoast-seo-wordpress\/ -->\n<title>Manivelle de v\u00e9lo en fibre de carbone faite en C.-B. - R\u00e9seau de mobilisation des connaissances en composites<\/title>\n<meta name=\"robots\" content=\"index, follow, max-snippet:-1, max-image-preview:large, max-video-preview:-1\" \/>\n<link rel=\"canonical\" href=\"https:\/\/compositeskn.org\/fr\/manivelle-de-velo-en-fibre-de-carbone-faite-en-c-b\/\" \/>\n<meta property=\"og:locale\" content=\"fr_FR\" \/>\n<meta property=\"og:type\" content=\"article\" \/>\n<meta property=\"og:title\" content=\"Manivelle de v\u00e9lo en fibre de carbone faite en C.-B. - R\u00e9seau de mobilisation des connaissances en composites\" \/>\n<meta property=\"og:description\" content=\"Optimisation du proc\u00e9d\u00e9 de fabrication. D\u00e9fi:&#013; &#013; Un fabricant de pi\u00e8ces de v\u00e9lo bas\u00e9 \u00e0 Vancouver produit localement des pi\u00e8ces de v\u00e9lo en fibre de carbone de mani\u00e8re comp\u00e9titive gr\u00e2ce \u00e0 leur proc\u00e9d\u00e9 unique. En contrepartie, de nombreuses pi\u00e8ces similaires sont produites \u00e0 l&rsquo;\u00e9tranger. Pour \u00eatre plus comp\u00e9titifs, ils ont d\u00fb augmenter leur cadence de ... Lire plus\" \/>\n<meta property=\"og:url\" content=\"https:\/\/compositeskn.org\/fr\/manivelle-de-velo-en-fibre-de-carbone-faite-en-c-b\/\" \/>\n<meta property=\"og:site_name\" content=\"R\u00e9seau de mobilisation des connaissances en composites\" \/>\n<meta property=\"article:modified_time\" content=\"2020-03-27T14:30:35+00:00\" \/>\n<meta property=\"og:image\" content=\"https:\/\/compositeskn.org\/wp-content\/uploads\/2019\/04\/AssessCurrentManProc.png\" \/>\n<meta name=\"twitter:card\" content=\"summary_large_image\" \/>\n<meta name=\"twitter:site\" content=\"@CompositesKN\" \/>\n<meta name=\"twitter:label1\" content=\"Dur\u00e9e de lecture estim\u00e9e\" \/>\n\t<meta name=\"twitter:data1\" content=\"2 minutes\" \/>\n<script type=\"application\/ld+json\" class=\"yoast-schema-graph\">{\"@context\":\"https:\/\/schema.org\",\"@graph\":[{\"@type\":\"WebPage\",\"@id\":\"https:\/\/compositeskn.org\/fr\/manivelle-de-velo-en-fibre-de-carbone-faite-en-c-b\/\",\"url\":\"https:\/\/compositeskn.org\/fr\/manivelle-de-velo-en-fibre-de-carbone-faite-en-c-b\/\",\"name\":\"Manivelle de v\u00e9lo en fibre de carbone faite en C.-B. - R\u00e9seau de mobilisation des connaissances en composites\",\"isPartOf\":{\"@id\":\"https:\/\/compositeskn.org\/#website\"},\"primaryImageOfPage\":{\"@id\":\"https:\/\/compositeskn.org\/fr\/manivelle-de-velo-en-fibre-de-carbone-faite-en-c-b\/#primaryimage\"},\"image\":{\"@id\":\"https:\/\/compositeskn.org\/fr\/manivelle-de-velo-en-fibre-de-carbone-faite-en-c-b\/#primaryimage\"},\"thumbnailUrl\":\"https:\/\/compositeskn.org\/wp-content\/uploads\/2019\/04\/AssessCurrentManProc.png\",\"datePublished\":\"2020-03-27T14:30:34+00:00\",\"dateModified\":\"2020-03-27T14:30:35+00:00\",\"breadcrumb\":{\"@id\":\"https:\/\/compositeskn.org\/fr\/manivelle-de-velo-en-fibre-de-carbone-faite-en-c-b\/#breadcrumb\"},\"inLanguage\":\"fr-FR\",\"potentialAction\":[{\"@type\":\"ReadAction\",\"target\":[\"https:\/\/compositeskn.org\/fr\/manivelle-de-velo-en-fibre-de-carbone-faite-en-c-b\/\"]}]},{\"@type\":\"ImageObject\",\"inLanguage\":\"fr-FR\",\"@id\":\"https:\/\/compositeskn.org\/fr\/manivelle-de-velo-en-fibre-de-carbone-faite-en-c-b\/#primaryimage\",\"url\":\"https:\/\/compositeskn.org\/wp-content\/uploads\/2019\/04\/AssessCurrentManProc.png\",\"contentUrl\":\"https:\/\/compositeskn.org\/wp-content\/uploads\/2019\/04\/AssessCurrentManProc.png\"},{\"@type\":\"BreadcrumbList\",\"@id\":\"https:\/\/compositeskn.org\/fr\/manivelle-de-velo-en-fibre-de-carbone-faite-en-c-b\/#breadcrumb\",\"itemListElement\":[{\"@type\":\"ListItem\",\"position\":1,\"name\":\"Home\",\"item\":\"https:\/\/compositeskn.org\/fr\/\"},{\"@type\":\"ListItem\",\"position\":2,\"name\":\"Manivelle de v\u00e9lo en fibre de carbone faite en C.-B.\"}]},{\"@type\":\"WebSite\",\"@id\":\"https:\/\/compositeskn.org\/#website\",\"url\":\"https:\/\/compositeskn.org\/\",\"name\":\"R\u00e9seau de mobilisation des connaissances en composites\",\"description\":\"R\u00e9seau de mobilisation des connaissances en composites\",\"publisher\":{\"@id\":\"https:\/\/compositeskn.org\/#organization\"},\"potentialAction\":[{\"@type\":\"SearchAction\",\"target\":{\"@type\":\"EntryPoint\",\"urlTemplate\":\"https:\/\/compositeskn.org\/?s={search_term_string}\"},\"query-input\":{\"@type\":\"PropertyValueSpecification\",\"valueRequired\":true,\"valueName\":\"search_term_string\"}}],\"inLanguage\":\"fr-FR\"},{\"@type\":\"Organization\",\"@id\":\"https:\/\/compositeskn.org\/#organization\",\"name\":\"R\u00e9seau de mobilisation des connaissances en composites\",\"url\":\"https:\/\/compositeskn.org\/\",\"logo\":{\"@type\":\"ImageObject\",\"inLanguage\":\"fr-FR\",\"@id\":\"https:\/\/compositeskn.org\/#\/schema\/logo\/image\/\",\"url\":\"https:\/\/compositeskn.org\/wp-content\/uploads\/2021\/03\/ckn-logo-min.svg\",\"contentUrl\":\"https:\/\/compositeskn.org\/wp-content\/uploads\/2021\/03\/ckn-logo-min.svg\",\"caption\":\"R\u00e9seau de mobilisation des connaissances en composites\"},\"image\":{\"@id\":\"https:\/\/compositeskn.org\/#\/schema\/logo\/image\/\"},\"sameAs\":[\"https:\/\/x.com\/CompositesKN\",\"https:\/\/www.linkedin.com\/company\/compositeskn\"]}]}<\/script>\n<!-- \/ Yoast SEO plugin. -->","yoast_head_json":{"title":"Manivelle de v\u00e9lo en fibre de carbone faite en C.-B. - R\u00e9seau de mobilisation des connaissances en composites","robots":{"index":"index","follow":"follow","max-snippet":"max-snippet:-1","max-image-preview":"max-image-preview:large","max-video-preview":"max-video-preview:-1"},"canonical":"https:\/\/compositeskn.org\/fr\/manivelle-de-velo-en-fibre-de-carbone-faite-en-c-b\/","og_locale":"fr_FR","og_type":"article","og_title":"Manivelle de v\u00e9lo en fibre de carbone faite en C.-B. - R\u00e9seau de mobilisation des connaissances en composites","og_description":"Optimisation du proc\u00e9d\u00e9 de fabrication. D\u00e9fi:&#13; &#13; Un fabricant de pi\u00e8ces de v\u00e9lo bas\u00e9 \u00e0 Vancouver produit localement des pi\u00e8ces de v\u00e9lo en fibre de carbone de mani\u00e8re comp\u00e9titive gr\u00e2ce \u00e0 leur proc\u00e9d\u00e9 unique. En contrepartie, de nombreuses pi\u00e8ces similaires sont produites \u00e0 l&rsquo;\u00e9tranger. Pour \u00eatre plus comp\u00e9titifs, ils ont d\u00fb augmenter leur cadence de ... Lire plus","og_url":"https:\/\/compositeskn.org\/fr\/manivelle-de-velo-en-fibre-de-carbone-faite-en-c-b\/","og_site_name":"R\u00e9seau de mobilisation des connaissances en composites","article_modified_time":"2020-03-27T14:30:35+00:00","og_image":[{"url":"https:\/\/compositeskn.org\/wp-content\/uploads\/2019\/04\/AssessCurrentManProc.png","type":"","width":"","height":""}],"twitter_card":"summary_large_image","twitter_site":"@CompositesKN","twitter_misc":{"Dur\u00e9e de lecture estim\u00e9e":"2 minutes"},"schema":{"@context":"https:\/\/schema.org","@graph":[{"@type":"WebPage","@id":"https:\/\/compositeskn.org\/fr\/manivelle-de-velo-en-fibre-de-carbone-faite-en-c-b\/","url":"https:\/\/compositeskn.org\/fr\/manivelle-de-velo-en-fibre-de-carbone-faite-en-c-b\/","name":"Manivelle de v\u00e9lo en fibre de carbone faite en C.-B. - R\u00e9seau de mobilisation des connaissances en composites","isPartOf":{"@id":"https:\/\/compositeskn.org\/#website"},"primaryImageOfPage":{"@id":"https:\/\/compositeskn.org\/fr\/manivelle-de-velo-en-fibre-de-carbone-faite-en-c-b\/#primaryimage"},"image":{"@id":"https:\/\/compositeskn.org\/fr\/manivelle-de-velo-en-fibre-de-carbone-faite-en-c-b\/#primaryimage"},"thumbnailUrl":"https:\/\/compositeskn.org\/wp-content\/uploads\/2019\/04\/AssessCurrentManProc.png","datePublished":"2020-03-27T14:30:34+00:00","dateModified":"2020-03-27T14:30:35+00:00","breadcrumb":{"@id":"https:\/\/compositeskn.org\/fr\/manivelle-de-velo-en-fibre-de-carbone-faite-en-c-b\/#breadcrumb"},"inLanguage":"fr-FR","potentialAction":[{"@type":"ReadAction","target":["https:\/\/compositeskn.org\/fr\/manivelle-de-velo-en-fibre-de-carbone-faite-en-c-b\/"]}]},{"@type":"ImageObject","inLanguage":"fr-FR","@id":"https:\/\/compositeskn.org\/fr\/manivelle-de-velo-en-fibre-de-carbone-faite-en-c-b\/#primaryimage","url":"https:\/\/compositeskn.org\/wp-content\/uploads\/2019\/04\/AssessCurrentManProc.png","contentUrl":"https:\/\/compositeskn.org\/wp-content\/uploads\/2019\/04\/AssessCurrentManProc.png"},{"@type":"BreadcrumbList","@id":"https:\/\/compositeskn.org\/fr\/manivelle-de-velo-en-fibre-de-carbone-faite-en-c-b\/#breadcrumb","itemListElement":[{"@type":"ListItem","position":1,"name":"Home","item":"https:\/\/compositeskn.org\/fr\/"},{"@type":"ListItem","position":2,"name":"Manivelle de v\u00e9lo en fibre de carbone faite en C.-B."}]},{"@type":"WebSite","@id":"https:\/\/compositeskn.org\/#website","url":"https:\/\/compositeskn.org\/","name":"R\u00e9seau de mobilisation des connaissances en composites","description":"R\u00e9seau de mobilisation des connaissances en composites","publisher":{"@id":"https:\/\/compositeskn.org\/#organization"},"potentialAction":[{"@type":"SearchAction","target":{"@type":"EntryPoint","urlTemplate":"https:\/\/compositeskn.org\/?s={search_term_string}"},"query-input":{"@type":"PropertyValueSpecification","valueRequired":true,"valueName":"search_term_string"}}],"inLanguage":"fr-FR"},{"@type":"Organization","@id":"https:\/\/compositeskn.org\/#organization","name":"R\u00e9seau de mobilisation des connaissances en composites","url":"https:\/\/compositeskn.org\/","logo":{"@type":"ImageObject","inLanguage":"fr-FR","@id":"https:\/\/compositeskn.org\/#\/schema\/logo\/image\/","url":"https:\/\/compositeskn.org\/wp-content\/uploads\/2021\/03\/ckn-logo-min.svg","contentUrl":"https:\/\/compositeskn.org\/wp-content\/uploads\/2021\/03\/ckn-logo-min.svg","caption":"R\u00e9seau de mobilisation des connaissances en composites"},"image":{"@id":"https:\/\/compositeskn.org\/#\/schema\/logo\/image\/"},"sameAs":["https:\/\/x.com\/CompositesKN","https:\/\/www.linkedin.com\/company\/compositeskn"]}]}},"jetpack_sharing_enabled":true,"_links":{"self":[{"href":"https:\/\/compositeskn.org\/fr\/wp-json\/wp\/v2\/pages\/844","targetHints":{"allow":["GET"]}}],"collection":[{"href":"https:\/\/compositeskn.org\/fr\/wp-json\/wp\/v2\/pages"}],"about":[{"href":"https:\/\/compositeskn.org\/fr\/wp-json\/wp\/v2\/types\/page"}],"author":[{"embeddable":true,"href":"https:\/\/compositeskn.org\/fr\/wp-json\/wp\/v2\/users\/1"}],"replies":[{"embeddable":true,"href":"https:\/\/compositeskn.org\/fr\/wp-json\/wp\/v2\/comments?post=844"}],"version-history":[{"count":1,"href":"https:\/\/compositeskn.org\/fr\/wp-json\/wp\/v2\/pages\/844\/revisions"}],"predecessor-version":[{"id":845,"href":"https:\/\/compositeskn.org\/fr\/wp-json\/wp\/v2\/pages\/844\/revisions\/845"}],"wp:attachment":[{"href":"https:\/\/compositeskn.org\/fr\/wp-json\/wp\/v2\/media?parent=844"}],"curies":[{"name":"wp","href":"https:\/\/api.w.org\/{rel}","templated":true}]}}