{"id":841,"date":"2020-03-27T14:14:19","date_gmt":"2020-03-27T14:14:19","guid":{"rendered":"https:\/\/compositeskn.org\/outiller-les-petites-entreprises-canadiennes\/"},"modified":"2022-01-25T16:47:48","modified_gmt":"2022-01-26T00:47:48","slug":"outiller-les-petites-entreprises-canadiennes","status":"publish","type":"page","link":"https:\/\/compositeskn.org\/fr\/","title":{"rendered":"Empowering Canadian Small Businesses"},"content":{"rendered":"\n<div class=\"wp-block-cover alignfull has-background-dim remove-bottom-margin\" style=\"min-height:500px;aspect-ratio:unset;\"><img loading=\"lazy\" decoding=\"async\" width=\"1500\" height=\"404\" class=\"wp-block-cover__image-background wp-image-1111\" alt=\"\" src=\"https:\/\/compositeskn.org\/wp-content\/uploads\/2020\/08\/KPCheader.jpg\" data-object-fit=\"cover\" srcset=\"https:\/\/compositeskn.org\/wp-content\/uploads\/2020\/08\/KPCheader.jpg 1500w, https:\/\/compositeskn.org\/wp-content\/uploads\/2020\/08\/KPCheader-300x81.jpg 300w, https:\/\/compositeskn.org\/wp-content\/uploads\/2020\/08\/KPCheader-1024x276.jpg 1024w, https:\/\/compositeskn.org\/wp-content\/uploads\/2020\/08\/KPCheader-768x207.jpg 768w\" sizes=\"auto, (max-width: 1500px) 100vw, 1500px\" \/><div class=\"wp-block-cover__inner-container is-layout-flow wp-block-cover-is-layout-flow\">\n<div style=\"height:120px\" aria-hidden=\"true\" class=\"wp-block-spacer\"><\/div>\n\n\n\n<div class=\"wp-block-group alignwide\"><div class=\"wp-block-group__inner-container is-layout-flow wp-block-group-is-layout-flow\">\n<h1 class=\"wp-block-heading\">Donner aux entreprises canadiennes les connaissances dont elles ont besoin pour r\u00e9ussir <\/h1>\n\n\n\n<div class=\"wp-block-buttons is-layout-flex wp-block-buttons-is-layout-flex\">\n<div class=\"wp-block-button\"><a class=\"wp-block-button__link\" href=\"https:\/\/compositeskn.org\/fr\/a-propos\/\">\u00c0 propos du CKN<\/a><\/div>\n<\/div>\n\n\n\n<p><\/p>\n<\/div><\/div>\n\n\n\n<div style=\"height:80px\" aria-hidden=\"true\" class=\"wp-block-spacer\"><\/div>\n<\/div><\/div>\n\n<div class=\"wp-block-group alignfull custom-cta-bg remove-bottom-margin has-white-color has-text-color has-background\" style=\"background-color:#03524a\"><div class=\"wp-block-group__inner-container is-layout-flow wp-block-group-is-layout-flow\">\n<div style=\"height:100px\" aria-hidden=\"true\" class=\"wp-block-spacer\"><\/div>\n\n\n\n<div class=\"wp-block-columns is-layout-flex wp-container-core-columns-is-layout-1 wp-block-columns-is-layout-flex\">\n<div class=\"wp-block-column is-layout-flow wp-block-column-is-layout-flow\">\n<h2 class=\"has-white-color has-text-color wp-block-heading\">Knowledge in Practice Centre<\/h2>\n\n\n\n<p>Acc\u00e9dez d\u00e8s aujourd&rsquo;hui aux derni\u00e8res connaissances sur les composites et aux meilleures pratiques pour diff\u00e9rents types de fabrication et d&rsquo;applications.<\/p>\n\n\n\n<div class=\"wp-block-buttons is-layout-flex wp-block-buttons-is-layout-flex\">\n<div class=\"wp-block-button\"><a class=\"wp-block-button__link\" href=\"https:\/\/compositeskn.org\/kpc\/\">Aller au KPC &gt;<\/a><\/div>\n<\/div>\n<\/div>\n\n\n\n<div class=\"wp-block-column is-layout-flow wp-block-column-is-layout-flow\">\n<h2 class=\"has-white-color has-text-color wp-block-heading\">\u00c9v\u00e9nements et webinaires AIM<\/h2>\n\n\n\n<p>Apprenez les comp\u00e9tences pr\u00e9cieuses des chefs de file de l&rsquo;industrie dans le secteur des composites. D\u00e9couvrez nos prochains webinaires et \u00e9v\u00e9nements Application + Impact (AIM) d\u00e8s maintenant !<\/p>\n\n\n\n<div class=\"wp-block-buttons is-layout-flex wp-block-buttons-is-layout-flex\">\n<div class=\"wp-block-button\"><a class=\"wp-block-button__link\" href=\"https:\/\/compositeskn.org\/fr\/events\">Acc\u00e9der au calendrier AIM &gt;<\/a><\/div>\n<\/div>\n<\/div>\n<\/div>\n<\/div><\/div>\n\n<div class=\"wp-block-group alignfull has-background\" style=\"background-color:#d8dfe6\"><div class=\"wp-block-group__inner-container is-layout-flow wp-block-group-is-layout-flow\">\n<div style=\"height:60px\" aria-hidden=\"true\" class=\"wp-block-spacer\"><\/div>\n\n\n\n<div class=\"wp-block-columns is-layout-flex wp-container-core-columns-is-layout-2 wp-block-columns-is-layout-flex\">\n<div class=\"wp-block-column is-layout-flow wp-block-column-is-layout-flow\" style=\"flex-basis:33.33%\">\n<h2 class=\"wp-block-heading\">Notre vision<\/h2>\n<\/div>\n\n\n\n<div class=\"wp-block-column is-layout-flow wp-block-column-is-layout-flow\" style=\"flex-basis:66.66%\">\n<p>\u00catre le chef de file au Canada dans l&rsquo;application rapide et efficace des connaissances de classe mondiale sur la fabrication de composites \u00e0 l&rsquo;industrie au profit des petites entreprises, de leurs employ\u00e9s et des collectivit\u00e9s qu&rsquo;elles desservent.<\/p>\n<\/div>\n<\/div>\n\n\n\n<div style=\"height:20px\" aria-hidden=\"true\" class=\"wp-block-spacer\"><\/div>\n<\/div><\/div>\n\n<div class=\"wp-block-group alignfull\"><div class=\"wp-block-group__inner-container is-layout-flow wp-block-group-is-layout-flow\">\n<div style=\"height:60px\" aria-hidden=\"true\" class=\"wp-block-spacer\"><\/div>\n\n\n\n<h2 class=\"wp-block-heading\">Derni\u00e8res nouvelles<\/h2>\n\n\n<ul class=\"wp-block-latest-posts__list is-grid columns-3 has-dates aligncenter wp-block-latest-posts\"><li><a class=\"wp-block-latest-posts__post-title\" href=\"https:\/\/compositeskn.org\/fr\/lindustrie-canadienne-des-composites-fait-preuve-de-resilience-malgre-les-incertitudes-commerciales-selon-un-nouveaux-sondage-ckn\/\">L\u2019industrie canadienne des composites fait preuve de r\u00e9silience malgr\u00e9 les incertitudes commerciales, selon un nouveaux sondage CKN<\/a><time datetime=\"2026-04-13T19:57:44-07:00\" class=\"wp-block-latest-posts__post-date\">13 avril 2026<\/time><div class=\"wp-block-latest-posts__post-excerpt\">2025 CKN Industry Survey Results &#8211; Anglais &#8211; Consultez un r\u00e9sum\u00e9 visuel des r\u00e9sultats de l&rsquo;enqu\u00eate. Une nouvelle enqu\u00eate nationale du Composites Knowledge Network (CKN) r\u00e9v\u00e8le que l&rsquo;industrie canadienne des composites reste &#8230; <a title=\"L\u2019industrie canadienne des composites fait preuve de r\u00e9silience malgr\u00e9 les incertitudes commerciales, selon un nouveaux sondage CKN\" class=\"read-more\" href=\"https:\/\/compositeskn.org\/fr\/lindustrie-canadienne-des-composites-fait-preuve-de-resilience-malgre-les-incertitudes-commerciales-selon-un-nouveaux-sondage-ckn\/\" aria-label=\"En savoir plus sur L\u2019industrie canadienne des composites fait preuve de r\u00e9silience malgr\u00e9 les incertitudes commerciales, selon un nouveaux sondage CKN\">Lire plus<\/a><\/div><\/li>\n<li><a class=\"wp-block-latest-posts__post-title\" href=\"https:\/\/compositeskn.org\/fr\/pleins-feux-sur-le-crn-et-le-ckn-la-recherche-appliquee-en-action-ameliorer-la-radiotherapie-du-sein\/\">Pleins feux sur le CRN et le CKN : La recherche appliqu\u00e9e en action &#8211; Am\u00e9liorer la radioth\u00e9rapie du sein<\/a><time datetime=\"2026-04-05T19:37:17-07:00\" class=\"wp-block-latest-posts__post-date\">5 avril 2026<\/time><div class=\"wp-block-latest-posts__post-excerpt\">Au CKN, nous pensons que la recherche appliqu\u00e9e a le pouvoir de transformer les soins de sant\u00e9. Le d\u00e9veloppement de CARA, un dispositif l\u00e9ger en fibre de carbone qui am\u00e9liore les r\u00e9sultats &#8230; <a title=\"Pleins feux sur le CRN et le CKN : La recherche appliqu\u00e9e en action &#8211; Am\u00e9liorer la radioth\u00e9rapie du sein\" class=\"read-more\" href=\"https:\/\/compositeskn.org\/fr\/pleins-feux-sur-le-crn-et-le-ckn-la-recherche-appliquee-en-action-ameliorer-la-radiotherapie-du-sein\/\" aria-label=\"En savoir plus sur Pleins feux sur le CRN et le CKN : La recherche appliqu\u00e9e en action &#8211; Am\u00e9liorer la radioth\u00e9rapie du sein\">Lire plus<\/a><\/div><\/li>\n<li><a class=\"wp-block-latest-posts__post-title\" href=\"https:\/\/compositeskn.org\/fr\/pre-inscription-a-la-prochaine-enquete-de-ckn-sur-lindustrie-canadienne-des-composites\/\">Pr\u00e9-inscription au prochain sondage du CKN sur l&rsquo;industrie canadienne des composites<\/a><time datetime=\"2024-09-30T17:54:40-07:00\" class=\"wp-block-latest-posts__post-date\">30 septembre 2024<\/time><div class=\"wp-block-latest-posts__post-excerpt\">Tous les deux ans, le Composites Knowledge Network (CKN) enqu\u00eate aupr\u00e8s des entreprises canadiennes pour comprendre la sant\u00e9, le statut, les priorit\u00e9s et les d\u00e9fis de l&rsquo;industrie des composites. Cela permet au &#8230; <a title=\"Pr\u00e9-inscription au prochain sondage du CKN sur l&rsquo;industrie canadienne des composites\" class=\"read-more\" href=\"https:\/\/compositeskn.org\/fr\/pre-inscription-a-la-prochaine-enquete-de-ckn-sur-lindustrie-canadienne-des-composites\/\" aria-label=\"En savoir plus sur Pr\u00e9-inscription au prochain sondage du CKN sur l&rsquo;industrie canadienne des composites\">Lire plus<\/a><\/div><\/li>\n<\/ul>\n\n\n<div class=\"wp-block-buttons is-content-justification-right is-layout-flex wp-block-buttons-is-layout-flex\">\n<div class=\"wp-block-button\"><a class=\"wp-block-button__link has-text-color has-background\" href=\"https:\/\/compositeskn.org\/fr\/nouvelles\/\" style=\"background-color:#2ca6b6;color:#ffffff\">Voir toutes les actualit\u00e9s &gt;<\/a><\/div>\n<\/div>\n<\/div><\/div>\n\n<p><\/p>\n","protected":false},"excerpt":{"rendered":"<p>Knowledge in Practice Centre Acc\u00e9dez d\u00e8s aujourd&rsquo;hui aux derni\u00e8res connaissances sur les composites et aux meilleures pratiques pour diff\u00e9rents types de fabrication et d&rsquo;applications. \u00c9v\u00e9nements et webinaires AIM Apprenez les comp\u00e9tences pr\u00e9cieuses des chefs de file de l&rsquo;industrie dans le secteur des composites. D\u00e9couvrez nos prochains webinaires et \u00e9v\u00e9nements Application + Impact (AIM) d\u00e8s maintenant &#8230; <a title=\"Empowering Canadian Small Businesses\" class=\"read-more\" href=\"https:\/\/compositeskn.org\/fr\/\" aria-label=\"En savoir plus sur Empowering Canadian Small Businesses\">Lire plus<\/a><\/p>\n","protected":false},"author":1,"featured_media":0,"parent":0,"menu_order":0,"comment_status":"closed","ping_status":"open","template":"","meta":{"om_disable_all_campaigns":false,"inline_featured_image":false,"footnotes":""},"class_list":["post-841","page","type-page","status-publish"],"yoast_head":"<!-- This site is optimized with the Yoast SEO plugin v26.8 - https:\/\/yoast.com\/product\/yoast-seo-wordpress\/ -->\n<title>Empowering Canadian Small Businesses - R\u00e9seau de mobilisation des connaissances en composites<\/title>\n<meta name=\"robots\" content=\"index, follow, max-snippet:-1, max-image-preview:large, max-video-preview:-1\" \/>\n<link rel=\"canonical\" href=\"https:\/\/compositeskn.org\/fr\/\" \/>\n<meta property=\"og:locale\" content=\"fr_FR\" \/>\n<meta property=\"og:type\" content=\"article\" \/>\n<meta property=\"og:title\" content=\"Empowering Canadian Small Businesses - R\u00e9seau de mobilisation des connaissances en composites\" \/>\n<meta property=\"og:description\" content=\"Knowledge in Practice Centre Acc\u00e9dez d\u00e8s aujourd&rsquo;hui aux derni\u00e8res connaissances sur les composites et aux meilleures pratiques pour diff\u00e9rents types de fabrication et d&rsquo;applications. \u00c9v\u00e9nements et webinaires AIM Apprenez les comp\u00e9tences pr\u00e9cieuses des chefs de file de l&rsquo;industrie dans le secteur des composites. D\u00e9couvrez nos prochains webinaires et \u00e9v\u00e9nements Application + Impact (AIM) d\u00e8s maintenant ... Lire plus\" \/>\n<meta property=\"og:url\" content=\"https:\/\/compositeskn.org\/fr\/\" \/>\n<meta property=\"og:site_name\" content=\"R\u00e9seau de mobilisation des connaissances en composites\" \/>\n<meta property=\"article:modified_time\" content=\"2022-01-26T00:47:48+00:00\" \/>\n<meta property=\"og:image\" content=\"https:\/\/compositeskn.org\/wp-content\/uploads\/2020\/08\/KPCheader.jpg\" \/>\n<meta name=\"twitter:card\" content=\"summary_large_image\" \/>\n<meta name=\"twitter:site\" content=\"@CompositesKN\" \/>\n<meta name=\"twitter:label1\" content=\"Dur\u00e9e de lecture estim\u00e9e\" \/>\n\t<meta name=\"twitter:data1\" content=\"1 minute\" \/>\n<script type=\"application\/ld+json\" class=\"yoast-schema-graph\">{\"@context\":\"https:\/\/schema.org\",\"@graph\":[{\"@type\":\"WebPage\",\"@id\":\"https:\/\/compositeskn.org\/fr\/\",\"url\":\"https:\/\/compositeskn.org\/fr\/\",\"name\":\"Empowering Canadian Small Businesses - R\u00e9seau de mobilisation des connaissances en composites\",\"isPartOf\":{\"@id\":\"https:\/\/compositeskn.org\/#website\"},\"primaryImageOfPage\":{\"@id\":\"https:\/\/compositeskn.org\/fr\/#primaryimage\"},\"image\":{\"@id\":\"https:\/\/compositeskn.org\/fr\/#primaryimage\"},\"thumbnailUrl\":\"https:\/\/compositeskn.org\/wp-content\/uploads\/2020\/08\/KPCheader.jpg\",\"datePublished\":\"2020-03-27T14:14:19+00:00\",\"dateModified\":\"2022-01-26T00:47:48+00:00\",\"breadcrumb\":{\"@id\":\"https:\/\/compositeskn.org\/fr\/#breadcrumb\"},\"inLanguage\":\"fr-FR\",\"potentialAction\":[{\"@type\":\"ReadAction\",\"target\":[\"https:\/\/compositeskn.org\/fr\/\"]}]},{\"@type\":\"ImageObject\",\"inLanguage\":\"fr-FR\",\"@id\":\"https:\/\/compositeskn.org\/fr\/#primaryimage\",\"url\":\"https:\/\/compositeskn.org\/wp-content\/uploads\/2020\/08\/KPCheader.jpg\",\"contentUrl\":\"https:\/\/compositeskn.org\/wp-content\/uploads\/2020\/08\/KPCheader.jpg\"},{\"@type\":\"BreadcrumbList\",\"@id\":\"https:\/\/compositeskn.org\/fr\/#breadcrumb\",\"itemListElement\":[{\"@type\":\"ListItem\",\"position\":1,\"name\":\"Home\",\"item\":\"https:\/\/compositeskn.org\/fr\/\"},{\"@type\":\"ListItem\",\"position\":2,\"name\":\"Empowering Canadian Small Businesses\"}]},{\"@type\":\"WebSite\",\"@id\":\"https:\/\/compositeskn.org\/#website\",\"url\":\"https:\/\/compositeskn.org\/\",\"name\":\"R\u00e9seau de mobilisation des connaissances en composites\",\"description\":\"R\u00e9seau de mobilisation des connaissances en composites\",\"publisher\":{\"@id\":\"https:\/\/compositeskn.org\/#organization\"},\"potentialAction\":[{\"@type\":\"SearchAction\",\"target\":{\"@type\":\"EntryPoint\",\"urlTemplate\":\"https:\/\/compositeskn.org\/?s={search_term_string}\"},\"query-input\":{\"@type\":\"PropertyValueSpecification\",\"valueRequired\":true,\"valueName\":\"search_term_string\"}}],\"inLanguage\":\"fr-FR\"},{\"@type\":\"Organization\",\"@id\":\"https:\/\/compositeskn.org\/#organization\",\"name\":\"R\u00e9seau de mobilisation des connaissances en composites\",\"url\":\"https:\/\/compositeskn.org\/\",\"logo\":{\"@type\":\"ImageObject\",\"inLanguage\":\"fr-FR\",\"@id\":\"https:\/\/compositeskn.org\/#\/schema\/logo\/image\/\",\"url\":\"https:\/\/compositeskn.org\/wp-content\/uploads\/2021\/03\/ckn-logo-min.svg\",\"contentUrl\":\"https:\/\/compositeskn.org\/wp-content\/uploads\/2021\/03\/ckn-logo-min.svg\",\"caption\":\"R\u00e9seau de mobilisation des connaissances en composites\"},\"image\":{\"@id\":\"https:\/\/compositeskn.org\/#\/schema\/logo\/image\/\"},\"sameAs\":[\"https:\/\/x.com\/CompositesKN\",\"https:\/\/www.linkedin.com\/company\/compositeskn\"]}]}<\/script>\n<!-- \/ Yoast SEO plugin. -->","yoast_head_json":{"title":"Empowering Canadian Small Businesses - R\u00e9seau de mobilisation des connaissances en composites","robots":{"index":"index","follow":"follow","max-snippet":"max-snippet:-1","max-image-preview":"max-image-preview:large","max-video-preview":"max-video-preview:-1"},"canonical":"https:\/\/compositeskn.org\/fr\/","og_locale":"fr_FR","og_type":"article","og_title":"Empowering Canadian Small Businesses - R\u00e9seau de mobilisation des connaissances en composites","og_description":"Knowledge in Practice Centre Acc\u00e9dez d\u00e8s aujourd&rsquo;hui aux derni\u00e8res connaissances sur les composites et aux meilleures pratiques pour diff\u00e9rents types de fabrication et d&rsquo;applications. \u00c9v\u00e9nements et webinaires AIM Apprenez les comp\u00e9tences pr\u00e9cieuses des chefs de file de l&rsquo;industrie dans le secteur des composites. D\u00e9couvrez nos prochains webinaires et \u00e9v\u00e9nements Application + Impact (AIM) d\u00e8s maintenant ... Lire plus","og_url":"https:\/\/compositeskn.org\/fr\/","og_site_name":"R\u00e9seau de mobilisation des connaissances en composites","article_modified_time":"2022-01-26T00:47:48+00:00","og_image":[{"url":"https:\/\/compositeskn.org\/wp-content\/uploads\/2020\/08\/KPCheader.jpg","type":"","width":"","height":""}],"twitter_card":"summary_large_image","twitter_site":"@CompositesKN","twitter_misc":{"Dur\u00e9e de lecture estim\u00e9e":"1 minute"},"schema":{"@context":"https:\/\/schema.org","@graph":[{"@type":"WebPage","@id":"https:\/\/compositeskn.org\/fr\/","url":"https:\/\/compositeskn.org\/fr\/","name":"Empowering Canadian Small Businesses - R\u00e9seau de mobilisation des connaissances en composites","isPartOf":{"@id":"https:\/\/compositeskn.org\/#website"},"primaryImageOfPage":{"@id":"https:\/\/compositeskn.org\/fr\/#primaryimage"},"image":{"@id":"https:\/\/compositeskn.org\/fr\/#primaryimage"},"thumbnailUrl":"https:\/\/compositeskn.org\/wp-content\/uploads\/2020\/08\/KPCheader.jpg","datePublished":"2020-03-27T14:14:19+00:00","dateModified":"2022-01-26T00:47:48+00:00","breadcrumb":{"@id":"https:\/\/compositeskn.org\/fr\/#breadcrumb"},"inLanguage":"fr-FR","potentialAction":[{"@type":"ReadAction","target":["https:\/\/compositeskn.org\/fr\/"]}]},{"@type":"ImageObject","inLanguage":"fr-FR","@id":"https:\/\/compositeskn.org\/fr\/#primaryimage","url":"https:\/\/compositeskn.org\/wp-content\/uploads\/2020\/08\/KPCheader.jpg","contentUrl":"https:\/\/compositeskn.org\/wp-content\/uploads\/2020\/08\/KPCheader.jpg"},{"@type":"BreadcrumbList","@id":"https:\/\/compositeskn.org\/fr\/#breadcrumb","itemListElement":[{"@type":"ListItem","position":1,"name":"Home","item":"https:\/\/compositeskn.org\/fr\/"},{"@type":"ListItem","position":2,"name":"Empowering Canadian Small Businesses"}]},{"@type":"WebSite","@id":"https:\/\/compositeskn.org\/#website","url":"https:\/\/compositeskn.org\/","name":"R\u00e9seau de mobilisation des connaissances en composites","description":"R\u00e9seau de mobilisation des connaissances en composites","publisher":{"@id":"https:\/\/compositeskn.org\/#organization"},"potentialAction":[{"@type":"SearchAction","target":{"@type":"EntryPoint","urlTemplate":"https:\/\/compositeskn.org\/?s={search_term_string}"},"query-input":{"@type":"PropertyValueSpecification","valueRequired":true,"valueName":"search_term_string"}}],"inLanguage":"fr-FR"},{"@type":"Organization","@id":"https:\/\/compositeskn.org\/#organization","name":"R\u00e9seau de mobilisation des connaissances en composites","url":"https:\/\/compositeskn.org\/","logo":{"@type":"ImageObject","inLanguage":"fr-FR","@id":"https:\/\/compositeskn.org\/#\/schema\/logo\/image\/","url":"https:\/\/compositeskn.org\/wp-content\/uploads\/2021\/03\/ckn-logo-min.svg","contentUrl":"https:\/\/compositeskn.org\/wp-content\/uploads\/2021\/03\/ckn-logo-min.svg","caption":"R\u00e9seau de mobilisation des connaissances en composites"},"image":{"@id":"https:\/\/compositeskn.org\/#\/schema\/logo\/image\/"},"sameAs":["https:\/\/x.com\/CompositesKN","https:\/\/www.linkedin.com\/company\/compositeskn"]}]}},"jetpack_sharing_enabled":true,"_links":{"self":[{"href":"https:\/\/compositeskn.org\/fr\/wp-json\/wp\/v2\/pages\/841","targetHints":{"allow":["GET"]}}],"collection":[{"href":"https:\/\/compositeskn.org\/fr\/wp-json\/wp\/v2\/pages"}],"about":[{"href":"https:\/\/compositeskn.org\/fr\/wp-json\/wp\/v2\/types\/page"}],"author":[{"embeddable":true,"href":"https:\/\/compositeskn.org\/fr\/wp-json\/wp\/v2\/users\/1"}],"replies":[{"embeddable":true,"href":"https:\/\/compositeskn.org\/fr\/wp-json\/wp\/v2\/comments?post=841"}],"version-history":[{"count":37,"href":"https:\/\/compositeskn.org\/fr\/wp-json\/wp\/v2\/pages\/841\/revisions"}],"predecessor-version":[{"id":1961,"href":"https:\/\/compositeskn.org\/fr\/wp-json\/wp\/v2\/pages\/841\/revisions\/1961"}],"wp:attachment":[{"href":"https:\/\/compositeskn.org\/fr\/wp-json\/wp\/v2\/media?parent=841"}],"curies":[{"name":"wp","href":"https:\/\/api.w.org\/{rel}","templated":true}]}}