{"id":1716,"date":"2021-05-09T19:38:51","date_gmt":"2021-05-10T02:38:51","guid":{"rendered":"https:\/\/compositeskn.org\/webinaires\/levenement-de-demonstration-du-knowledge-in-practice-center\/"},"modified":"2021-05-11T14:10:02","modified_gmt":"2021-05-11T21:10:02","slug":"levenement-de-demonstration-du-knowledge-in-practice-center","status":"publish","type":"page","link":"https:\/\/compositeskn.org\/fr\/webinaires\/levenement-de-demonstration-du-knowledge-in-practice-center\/","title":{"rendered":"L&rsquo;\u00e9v\u00e9nement de d\u00e9monstration du Knowledge in Practice Center"},"content":{"rendered":"\n<div style=\"height:50px\" aria-hidden=\"true\" class=\"wp-block-spacer\"><\/div>\n\n<p><a href=\"https:\/\/compositeskn.org\/webinars\/\" data-type=\"page\" data-id=\"1001\">&lt; Retour aux webinaires<\/a><\/p>\n\n<h1 class=\"wp-block-heading\">L&rsquo;\u00e9v\u00e9nement de d\u00e9monstration du Knowledge in Practice Center<\/h1>\n\n<p>Les composites sont des mat\u00e9riaux incroyables quand tout va bien &#8211; ils permettent des produits innovants et autrement impossibles. Mais la fabrication est difficile et une aide est souvent n\u00e9cessaire pour d\u00e9velopper, optimiser et d\u00e9panner les processus. Parfois, l&rsquo;aide n\u00e9cessaire est une orientation directe sur les meilleures pratiques sp\u00e9cifiques pour traiter un probl\u00e8me imm\u00e9diat, et parfois il est temps d&rsquo;\u00e9largir les connaissances dans un sens plus large. Rejoignez-nous pour une visite guid\u00e9e et une d\u00e9monstration du Knowledge in Practice Center (KPC), o\u00f9 la pratique de fabrication des composites est pr\u00e9sent\u00e9e de mani\u00e8re facile \u00e0 naviguer, li\u00e9e \u00e0 une base scientifique et technique structur\u00e9e. D\u00e9couvrez comment vous pouvez facilement passer des \u00e9tudes de cas aux conseils pratiques en passant par les connaissances de base et au niveau des syst\u00e8mes. Construit sur la m\u00eame plate-forme que Wikip\u00e9dia, le KPC utilise une repr\u00e9sentation d&rsquo;usine du mat\u00e9riau, de la forme, de l&rsquo;outillage et de l&rsquo;\u00e9quipement pour expliquer le fonctionnement des processus composites et comment la qualit\u00e9 de fabrication, le taux et le co\u00fbt des compromis dans la pratique.<\/p>\n\n<p>Les participants au webinaire auront acc\u00e8s \u00e0 cette premi\u00e8re version du KPC, qui se veut une ressource ouverte \u00e0 la communaut\u00e9 des composites. Nous accueillons \u00e0 la fois les utilisateurs de connaissances et les fournisseurs de connaissances &#8211; nous partagerons notre vision de la fa\u00e7on dont le KPC peut aider \u00e0 d\u00e9mystifier et d\u00e9mocratiser les pratiques et les connaissances de fabrication des composites.<\/p>\n\n<p><strong>Pr\u00e9sentateur: <\/strong><\/p>\n\n<p>Dr. Anoush Poursartip<br\/>Professor, Department of Materials Engineering, University of British Columbia<br\/>Director, Composites Knowledge Network<br\/>Director, Composites Research Network<\/p>\n\n<figure class=\"wp-block-embed is-type-video is-provider-vimeo wp-block-embed-vimeo wp-embed-aspect-16-9 wp-has-aspect-ratio\"><div class=\"wp-block-embed__wrapper\">\n<iframe loading=\"lazy\" src=\"https:\/\/player.vimeo.com\/video\/543752676?h=fd8ffa325e&amp;app_id=122963\" width=\"1200\" height=\"675\" frameborder=\"0\" allow=\"autoplay; fullscreen; picture-in-picture\" allowfullscreen><\/iframe>\n<\/div><\/figure>\n","protected":false},"excerpt":{"rendered":"<p>&lt; Retour aux webinaires L&rsquo;\u00e9v\u00e9nement de d\u00e9monstration du Knowledge in Practice Center Les composites sont des mat\u00e9riaux incroyables quand tout va bien &#8211; ils permettent des produits innovants et autrement impossibles. Mais la fabrication est difficile et une aide est souvent n\u00e9cessaire pour d\u00e9velopper, optimiser et d\u00e9panner les processus. Parfois, l&rsquo;aide n\u00e9cessaire est une orientation &#8230; <a title=\"L&rsquo;\u00e9v\u00e9nement de d\u00e9monstration du Knowledge in Practice Center\" class=\"read-more\" href=\"https:\/\/compositeskn.org\/fr\/webinaires\/levenement-de-demonstration-du-knowledge-in-practice-center\/\" aria-label=\"En savoir plus sur L&rsquo;\u00e9v\u00e9nement de d\u00e9monstration du Knowledge in Practice Center\">Lire plus<\/a><\/p>\n","protected":false},"author":7,"featured_media":0,"parent":1006,"menu_order":0,"comment_status":"closed","ping_status":"closed","template":"","meta":{"om_disable_all_campaigns":false,"inline_featured_image":false,"footnotes":""},"class_list":["post-1716","page","type-page","status-publish"],"yoast_head":"<!-- This site is optimized with the Yoast SEO plugin v26.8 - https:\/\/yoast.com\/product\/yoast-seo-wordpress\/ -->\n<title>L&#039;\u00e9v\u00e9nement de d\u00e9monstration du Knowledge in Practice Center - R\u00e9seau de mobilisation des connaissances en composites<\/title>\n<meta name=\"robots\" content=\"index, follow, max-snippet:-1, max-image-preview:large, max-video-preview:-1\" \/>\n<link rel=\"canonical\" href=\"https:\/\/compositeskn.org\/recorded-webinars\/the-knowledge-in-practice-centre-demonstration-event\/\" \/>\n<meta property=\"og:locale\" content=\"fr_FR\" \/>\n<meta property=\"og:type\" content=\"article\" \/>\n<meta property=\"og:title\" content=\"L&#039;\u00e9v\u00e9nement de d\u00e9monstration du Knowledge in Practice Center - R\u00e9seau de mobilisation des connaissances en composites\" \/>\n<meta property=\"og:description\" content=\"&lt; Retour aux webinaires L&rsquo;\u00e9v\u00e9nement de d\u00e9monstration du Knowledge in Practice Center Les composites sont des mat\u00e9riaux incroyables quand tout va bien &#8211; ils permettent des produits innovants et autrement impossibles. Mais la fabrication est difficile et une aide est souvent n\u00e9cessaire pour d\u00e9velopper, optimiser et d\u00e9panner les processus. Parfois, l&rsquo;aide n\u00e9cessaire est une orientation ... Lire plus\" \/>\n<meta property=\"og:url\" content=\"https:\/\/compositeskn.org\/recorded-webinars\/the-knowledge-in-practice-centre-demonstration-event\/\" \/>\n<meta property=\"og:site_name\" content=\"R\u00e9seau de mobilisation des connaissances en composites\" \/>\n<meta property=\"article:modified_time\" content=\"2021-05-11T21:10:02+00:00\" \/>\n<meta name=\"twitter:card\" content=\"summary_large_image\" \/>\n<meta name=\"twitter:site\" content=\"@CompositesKN\" \/>\n<meta name=\"twitter:label1\" content=\"Dur\u00e9e de lecture estim\u00e9e\" \/>\n\t<meta name=\"twitter:data1\" content=\"1 minute\" \/>\n<script type=\"application\/ld+json\" class=\"yoast-schema-graph\">{\"@context\":\"https:\/\/schema.org\",\"@graph\":[{\"@type\":\"WebPage\",\"@id\":\"https:\/\/compositeskn.org\/recorded-webinars\/the-knowledge-in-practice-centre-demonstration-event\/\",\"url\":\"https:\/\/compositeskn.org\/recorded-webinars\/the-knowledge-in-practice-centre-demonstration-event\/\",\"name\":\"L'\u00e9v\u00e9nement de d\u00e9monstration du Knowledge in Practice Center - R\u00e9seau de mobilisation des connaissances en composites\",\"isPartOf\":{\"@id\":\"https:\/\/compositeskn.org\/#website\"},\"datePublished\":\"2021-05-10T02:38:51+00:00\",\"dateModified\":\"2021-05-11T21:10:02+00:00\",\"breadcrumb\":{\"@id\":\"https:\/\/compositeskn.org\/recorded-webinars\/the-knowledge-in-practice-centre-demonstration-event\/#breadcrumb\"},\"inLanguage\":\"fr-FR\",\"potentialAction\":[{\"@type\":\"ReadAction\",\"target\":[\"https:\/\/compositeskn.org\/recorded-webinars\/the-knowledge-in-practice-centre-demonstration-event\/\"]}]},{\"@type\":\"BreadcrumbList\",\"@id\":\"https:\/\/compositeskn.org\/recorded-webinars\/the-knowledge-in-practice-centre-demonstration-event\/#breadcrumb\",\"itemListElement\":[{\"@type\":\"ListItem\",\"position\":1,\"name\":\"Home\",\"item\":\"https:\/\/compositeskn.org\/fr\/\"},{\"@type\":\"ListItem\",\"position\":2,\"name\":\"Webinaires Enregistr\u00e9s\",\"item\":\"https:\/\/compositeskn.org\/recorded-webinars\/\"},{\"@type\":\"ListItem\",\"position\":3,\"name\":\"L&#8217;\u00e9v\u00e9nement de d\u00e9monstration du Knowledge in Practice Center\"}]},{\"@type\":\"WebSite\",\"@id\":\"https:\/\/compositeskn.org\/#website\",\"url\":\"https:\/\/compositeskn.org\/\",\"name\":\"R\u00e9seau de mobilisation des connaissances en composites\",\"description\":\"R\u00e9seau de mobilisation des connaissances en composites\",\"publisher\":{\"@id\":\"https:\/\/compositeskn.org\/#organization\"},\"potentialAction\":[{\"@type\":\"SearchAction\",\"target\":{\"@type\":\"EntryPoint\",\"urlTemplate\":\"https:\/\/compositeskn.org\/?s={search_term_string}\"},\"query-input\":{\"@type\":\"PropertyValueSpecification\",\"valueRequired\":true,\"valueName\":\"search_term_string\"}}],\"inLanguage\":\"fr-FR\"},{\"@type\":\"Organization\",\"@id\":\"https:\/\/compositeskn.org\/#organization\",\"name\":\"R\u00e9seau de mobilisation des connaissances en composites\",\"url\":\"https:\/\/compositeskn.org\/\",\"logo\":{\"@type\":\"ImageObject\",\"inLanguage\":\"fr-FR\",\"@id\":\"https:\/\/compositeskn.org\/#\/schema\/logo\/image\/\",\"url\":\"https:\/\/compositeskn.org\/wp-content\/uploads\/2021\/03\/ckn-logo-min.svg\",\"contentUrl\":\"https:\/\/compositeskn.org\/wp-content\/uploads\/2021\/03\/ckn-logo-min.svg\",\"caption\":\"R\u00e9seau de mobilisation des connaissances en composites\"},\"image\":{\"@id\":\"https:\/\/compositeskn.org\/#\/schema\/logo\/image\/\"},\"sameAs\":[\"https:\/\/x.com\/CompositesKN\",\"https:\/\/www.linkedin.com\/company\/compositeskn\"]}]}<\/script>\n<!-- \/ Yoast SEO plugin. -->","yoast_head_json":{"title":"L'\u00e9v\u00e9nement de d\u00e9monstration du Knowledge in Practice Center - R\u00e9seau de mobilisation des connaissances en composites","robots":{"index":"index","follow":"follow","max-snippet":"max-snippet:-1","max-image-preview":"max-image-preview:large","max-video-preview":"max-video-preview:-1"},"canonical":"https:\/\/compositeskn.org\/recorded-webinars\/the-knowledge-in-practice-centre-demonstration-event\/","og_locale":"fr_FR","og_type":"article","og_title":"L'\u00e9v\u00e9nement de d\u00e9monstration du Knowledge in Practice Center - R\u00e9seau de mobilisation des connaissances en composites","og_description":"&lt; Retour aux webinaires L&rsquo;\u00e9v\u00e9nement de d\u00e9monstration du Knowledge in Practice Center Les composites sont des mat\u00e9riaux incroyables quand tout va bien &#8211; ils permettent des produits innovants et autrement impossibles. Mais la fabrication est difficile et une aide est souvent n\u00e9cessaire pour d\u00e9velopper, optimiser et d\u00e9panner les processus. Parfois, l&rsquo;aide n\u00e9cessaire est une orientation ... Lire plus","og_url":"https:\/\/compositeskn.org\/recorded-webinars\/the-knowledge-in-practice-centre-demonstration-event\/","og_site_name":"R\u00e9seau de mobilisation des connaissances en composites","article_modified_time":"2021-05-11T21:10:02+00:00","twitter_card":"summary_large_image","twitter_site":"@CompositesKN","twitter_misc":{"Dur\u00e9e de lecture estim\u00e9e":"1 minute"},"schema":{"@context":"https:\/\/schema.org","@graph":[{"@type":"WebPage","@id":"https:\/\/compositeskn.org\/recorded-webinars\/the-knowledge-in-practice-centre-demonstration-event\/","url":"https:\/\/compositeskn.org\/recorded-webinars\/the-knowledge-in-practice-centre-demonstration-event\/","name":"L'\u00e9v\u00e9nement de d\u00e9monstration du Knowledge in Practice Center - R\u00e9seau de mobilisation des connaissances en composites","isPartOf":{"@id":"https:\/\/compositeskn.org\/#website"},"datePublished":"2021-05-10T02:38:51+00:00","dateModified":"2021-05-11T21:10:02+00:00","breadcrumb":{"@id":"https:\/\/compositeskn.org\/recorded-webinars\/the-knowledge-in-practice-centre-demonstration-event\/#breadcrumb"},"inLanguage":"fr-FR","potentialAction":[{"@type":"ReadAction","target":["https:\/\/compositeskn.org\/recorded-webinars\/the-knowledge-in-practice-centre-demonstration-event\/"]}]},{"@type":"BreadcrumbList","@id":"https:\/\/compositeskn.org\/recorded-webinars\/the-knowledge-in-practice-centre-demonstration-event\/#breadcrumb","itemListElement":[{"@type":"ListItem","position":1,"name":"Home","item":"https:\/\/compositeskn.org\/fr\/"},{"@type":"ListItem","position":2,"name":"Webinaires Enregistr\u00e9s","item":"https:\/\/compositeskn.org\/recorded-webinars\/"},{"@type":"ListItem","position":3,"name":"L&#8217;\u00e9v\u00e9nement de d\u00e9monstration du Knowledge in Practice Center"}]},{"@type":"WebSite","@id":"https:\/\/compositeskn.org\/#website","url":"https:\/\/compositeskn.org\/","name":"R\u00e9seau de mobilisation des connaissances en composites","description":"R\u00e9seau de mobilisation des connaissances en composites","publisher":{"@id":"https:\/\/compositeskn.org\/#organization"},"potentialAction":[{"@type":"SearchAction","target":{"@type":"EntryPoint","urlTemplate":"https:\/\/compositeskn.org\/?s={search_term_string}"},"query-input":{"@type":"PropertyValueSpecification","valueRequired":true,"valueName":"search_term_string"}}],"inLanguage":"fr-FR"},{"@type":"Organization","@id":"https:\/\/compositeskn.org\/#organization","name":"R\u00e9seau de mobilisation des connaissances en composites","url":"https:\/\/compositeskn.org\/","logo":{"@type":"ImageObject","inLanguage":"fr-FR","@id":"https:\/\/compositeskn.org\/#\/schema\/logo\/image\/","url":"https:\/\/compositeskn.org\/wp-content\/uploads\/2021\/03\/ckn-logo-min.svg","contentUrl":"https:\/\/compositeskn.org\/wp-content\/uploads\/2021\/03\/ckn-logo-min.svg","caption":"R\u00e9seau de mobilisation des connaissances en composites"},"image":{"@id":"https:\/\/compositeskn.org\/#\/schema\/logo\/image\/"},"sameAs":["https:\/\/x.com\/CompositesKN","https:\/\/www.linkedin.com\/company\/compositeskn"]}]}},"jetpack_sharing_enabled":true,"_links":{"self":[{"href":"https:\/\/compositeskn.org\/fr\/wp-json\/wp\/v2\/pages\/1716","targetHints":{"allow":["GET"]}}],"collection":[{"href":"https:\/\/compositeskn.org\/fr\/wp-json\/wp\/v2\/pages"}],"about":[{"href":"https:\/\/compositeskn.org\/fr\/wp-json\/wp\/v2\/types\/page"}],"author":[{"embeddable":true,"href":"https:\/\/compositeskn.org\/fr\/wp-json\/wp\/v2\/users\/7"}],"replies":[{"embeddable":true,"href":"https:\/\/compositeskn.org\/fr\/wp-json\/wp\/v2\/comments?post=1716"}],"version-history":[{"count":3,"href":"https:\/\/compositeskn.org\/fr\/wp-json\/wp\/v2\/pages\/1716\/revisions"}],"predecessor-version":[{"id":1720,"href":"https:\/\/compositeskn.org\/fr\/wp-json\/wp\/v2\/pages\/1716\/revisions\/1720"}],"up":[{"embeddable":true,"href":"https:\/\/compositeskn.org\/fr\/wp-json\/wp\/v2\/pages\/1006"}],"wp:attachment":[{"href":"https:\/\/compositeskn.org\/fr\/wp-json\/wp\/v2\/media?parent=1716"}],"curies":[{"name":"wp","href":"https:\/\/api.w.org\/{rel}","templated":true}]}}