{"id":1006,"date":"2020-06-02T17:45:36","date_gmt":"2020-06-02T17:45:36","guid":{"rendered":"https:\/\/compositeskn.org\/webinaires\/"},"modified":"2023-03-12T18:15:01","modified_gmt":"2023-03-13T01:15:01","slug":"webinaires","status":"publish","type":"page","link":"https:\/\/compositeskn.org\/fr\/webinaires\/","title":{"rendered":"Webinaires Enregistr\u00e9s"},"content":{"rendered":"\n<div class=\"wp-block-cover alignfull is-light remove-bottom-margin\" style=\"min-height:500px;aspect-ratio:unset;\"><span aria-hidden=\"true\" class=\"wp-block-cover__background has-background-dim\"><\/span><img loading=\"lazy\" decoding=\"async\" width=\"2200\" height=\"1464\" class=\"wp-block-cover__image-background wp-image-1405\" alt=\"\" src=\"https:\/\/compositeskn.org\/wp-content\/uploads\/2021\/04\/AimEvents.jpg\" data-object-fit=\"cover\" srcset=\"https:\/\/compositeskn.org\/wp-content\/uploads\/2021\/04\/AimEvents.jpg 2200w, https:\/\/compositeskn.org\/wp-content\/uploads\/2021\/04\/AimEvents-300x200.jpg 300w, https:\/\/compositeskn.org\/wp-content\/uploads\/2021\/04\/AimEvents-1024x681.jpg 1024w, https:\/\/compositeskn.org\/wp-content\/uploads\/2021\/04\/AimEvents-768x511.jpg 768w, https:\/\/compositeskn.org\/wp-content\/uploads\/2021\/04\/AimEvents-1536x1022.jpg 1536w, https:\/\/compositeskn.org\/wp-content\/uploads\/2021\/04\/AimEvents-2048x1363.jpg 2048w\" sizes=\"auto, (max-width: 2200px) 100vw, 2200px\" \/><div class=\"wp-block-cover__inner-container is-layout-flow wp-block-cover-is-layout-flow\">\n<div style=\"height:120px\" aria-hidden=\"true\" class=\"wp-block-spacer\"><\/div>\n\n\n\n<div class=\"wp-block-group alignwide\"><div class=\"wp-block-group__inner-container is-layout-flow wp-block-group-is-layout-flow\">\n<h1 class=\"wp-block-heading\">Webinaires Enregistr\u00e9s<\/h1>\n\n\n\n<p><\/p>\n<\/div><\/div>\n\n\n\n<div style=\"height:60px\" aria-hidden=\"true\" class=\"wp-block-spacer\"><\/div>\n<\/div><\/div>\n\n<div style=\"height:40px\" aria-hidden=\"true\" class=\"wp-block-spacer\"><\/div>\n\n<p>CKN organise r\u00e9guli\u00e8rement des \u00e9v\u00e9nements de mobilisation d&rsquo;application et d&rsquo;impact (AIM) pour partager les connaissances des principaux experts de l&rsquo;industrie directement avec l&rsquo;industrie des composites. <\/p>\n\n<p>En 2020-2021, nos \u00e9v\u00e9nements AIM ont eu lieu en ligne. Les enregistrements sont disponibles via le Knowledge in Practice Center (KPC) du CKN dans la section Perspectives. Pour visualiser les enregistrements, vous devrez vous connecter au KPC. <\/p>\n\n<p>Si vous n&rsquo;\u00eates pas d\u00e9j\u00e0 membre du KPC, nous vous encourageons \u00e0 vous inscrire. Le KPC vous donne acc\u00e8s \u00e0 un r\u00e9f\u00e9rentiel sans cesse croissant de connaissances de classe mondiale sur les composites, des meilleures pratiques et des derni\u00e8res technologies, prend en charge tous les niveaux de l&rsquo;industrie des composites et est disponible gratuitement.<\/p>\n\n<p>Les \u00e9v\u00e9nements AIM enregistr\u00e9s comprennent:<\/p>\n\n<ul class=\"wp-block-list\">\n<li>L&rsquo;\u00e9v\u00e9nement de d\u00e9monstration du Knowledge in Practice Center<\/li>\n\n\n\n<li>D\u00e9construire le traitement des composites : pourquoi cela semble si complexe et comment y penser de mani\u00e8re structur\u00e9e<\/li>\n\n\n\n<li>Param\u00e8tres d&rsquo;analyse structurelle des composites<\/li>\n\n\n\n<li>Co\u00fbt des pi\u00e8ces composites<\/li>\n\n\n\n<li>S\u00e9rie de webinaires en 12 parties sur le g\u00e9nie des mat\u00e9riaux composites<\/li>\n<\/ul>\n\n<div class=\"wp-block-buttons is-layout-flex wp-block-buttons-is-layout-flex\">\n<div class=\"wp-block-button\"><a class=\"wp-block-button__link wp-element-button\" href=\"https:\/\/compositeskn.org\/KPC\/A1\">Aller au KPC &gt;<\/a><\/div>\n\n\n\n<div class=\"wp-block-button\"><a class=\"wp-block-button__link wp-element-button\" href=\"https:\/\/compositeskn.org\/KPC\/A115\">Regardez les enregistrements &gt;<\/a><\/div>\n<\/div>\n\n<p><\/p>\n","protected":false},"excerpt":{"rendered":"<p>CKN organise r\u00e9guli\u00e8rement des \u00e9v\u00e9nements de mobilisation d&rsquo;application et d&rsquo;impact (AIM) pour partager les connaissances des principaux experts de l&rsquo;industrie directement avec l&rsquo;industrie des composites. En 2020-2021, nos \u00e9v\u00e9nements AIM ont eu lieu en ligne. Les enregistrements sont disponibles via le Knowledge in Practice Center (KPC) du CKN dans la section Perspectives. Pour visualiser les &#8230; <a title=\"Webinaires Enregistr\u00e9s\" class=\"read-more\" href=\"https:\/\/compositeskn.org\/fr\/webinaires\/\" aria-label=\"En savoir plus sur Webinaires Enregistr\u00e9s\">Lire plus<\/a><\/p>\n","protected":false},"author":1,"featured_media":0,"parent":0,"menu_order":0,"comment_status":"closed","ping_status":"closed","template":"","meta":{"om_disable_all_campaigns":false,"inline_featured_image":false,"footnotes":""},"class_list":["post-1006","page","type-page","status-publish"],"yoast_head":"<!-- This site is optimized with the Yoast SEO plugin v26.8 - https:\/\/yoast.com\/product\/yoast-seo-wordpress\/ -->\n<title>Webinaires Enregistr\u00e9s - R\u00e9seau de mobilisation des connaissances en composites<\/title>\n<meta name=\"robots\" content=\"index, follow, max-snippet:-1, max-image-preview:large, max-video-preview:-1\" \/>\n<link rel=\"canonical\" href=\"https:\/\/compositeskn.org\/recorded-webinars\/\" \/>\n<meta property=\"og:locale\" content=\"fr_FR\" \/>\n<meta property=\"og:type\" content=\"article\" \/>\n<meta property=\"og:title\" content=\"Webinaires Enregistr\u00e9s - R\u00e9seau de mobilisation des connaissances en composites\" \/>\n<meta property=\"og:description\" content=\"CKN organise r\u00e9guli\u00e8rement des \u00e9v\u00e9nements de mobilisation d&rsquo;application et d&rsquo;impact (AIM) pour partager les connaissances des principaux experts de l&rsquo;industrie directement avec l&rsquo;industrie des composites. En 2020-2021, nos \u00e9v\u00e9nements AIM ont eu lieu en ligne. Les enregistrements sont disponibles via le Knowledge in Practice Center (KPC) du CKN dans la section Perspectives. Pour visualiser les ... Lire plus\" \/>\n<meta property=\"og:url\" content=\"https:\/\/compositeskn.org\/recorded-webinars\/\" \/>\n<meta property=\"og:site_name\" content=\"R\u00e9seau de mobilisation des connaissances en composites\" \/>\n<meta property=\"article:modified_time\" content=\"2023-03-13T01:15:01+00:00\" \/>\n<meta property=\"og:image\" content=\"https:\/\/compositeskn.org\/wp-content\/uploads\/2021\/04\/AimEvents.jpg\" \/>\n<meta name=\"twitter:card\" content=\"summary_large_image\" \/>\n<meta name=\"twitter:site\" content=\"@CompositesKN\" \/>\n<meta name=\"twitter:label1\" content=\"Dur\u00e9e de lecture estim\u00e9e\" \/>\n\t<meta name=\"twitter:data1\" content=\"1 minute\" \/>\n<script type=\"application\/ld+json\" class=\"yoast-schema-graph\">{\"@context\":\"https:\/\/schema.org\",\"@graph\":[{\"@type\":\"WebPage\",\"@id\":\"https:\/\/compositeskn.org\/recorded-webinars\/\",\"url\":\"https:\/\/compositeskn.org\/recorded-webinars\/\",\"name\":\"Webinaires Enregistr\u00e9s - R\u00e9seau de mobilisation des connaissances en composites\",\"isPartOf\":{\"@id\":\"https:\/\/compositeskn.org\/#website\"},\"primaryImageOfPage\":{\"@id\":\"https:\/\/compositeskn.org\/recorded-webinars\/#primaryimage\"},\"image\":{\"@id\":\"https:\/\/compositeskn.org\/recorded-webinars\/#primaryimage\"},\"thumbnailUrl\":\"https:\/\/compositeskn.org\/wp-content\/uploads\/2021\/04\/AimEvents.jpg\",\"datePublished\":\"2020-06-02T17:45:36+00:00\",\"dateModified\":\"2023-03-13T01:15:01+00:00\",\"breadcrumb\":{\"@id\":\"https:\/\/compositeskn.org\/recorded-webinars\/#breadcrumb\"},\"inLanguage\":\"fr-FR\",\"potentialAction\":[{\"@type\":\"ReadAction\",\"target\":[\"https:\/\/compositeskn.org\/recorded-webinars\/\"]}]},{\"@type\":\"ImageObject\",\"inLanguage\":\"fr-FR\",\"@id\":\"https:\/\/compositeskn.org\/recorded-webinars\/#primaryimage\",\"url\":\"https:\/\/compositeskn.org\/wp-content\/uploads\/2021\/04\/AimEvents.jpg\",\"contentUrl\":\"https:\/\/compositeskn.org\/wp-content\/uploads\/2021\/04\/AimEvents.jpg\"},{\"@type\":\"BreadcrumbList\",\"@id\":\"https:\/\/compositeskn.org\/recorded-webinars\/#breadcrumb\",\"itemListElement\":[{\"@type\":\"ListItem\",\"position\":1,\"name\":\"Home\",\"item\":\"https:\/\/compositeskn.org\/fr\/\"},{\"@type\":\"ListItem\",\"position\":2,\"name\":\"Webinaires Enregistr\u00e9s\"}]},{\"@type\":\"WebSite\",\"@id\":\"https:\/\/compositeskn.org\/#website\",\"url\":\"https:\/\/compositeskn.org\/\",\"name\":\"R\u00e9seau de mobilisation des connaissances en composites\",\"description\":\"R\u00e9seau de mobilisation des connaissances en composites\",\"publisher\":{\"@id\":\"https:\/\/compositeskn.org\/#organization\"},\"potentialAction\":[{\"@type\":\"SearchAction\",\"target\":{\"@type\":\"EntryPoint\",\"urlTemplate\":\"https:\/\/compositeskn.org\/?s={search_term_string}\"},\"query-input\":{\"@type\":\"PropertyValueSpecification\",\"valueRequired\":true,\"valueName\":\"search_term_string\"}}],\"inLanguage\":\"fr-FR\"},{\"@type\":\"Organization\",\"@id\":\"https:\/\/compositeskn.org\/#organization\",\"name\":\"R\u00e9seau de mobilisation des connaissances en composites\",\"url\":\"https:\/\/compositeskn.org\/\",\"logo\":{\"@type\":\"ImageObject\",\"inLanguage\":\"fr-FR\",\"@id\":\"https:\/\/compositeskn.org\/#\/schema\/logo\/image\/\",\"url\":\"https:\/\/compositeskn.org\/wp-content\/uploads\/2021\/03\/ckn-logo-min.svg\",\"contentUrl\":\"https:\/\/compositeskn.org\/wp-content\/uploads\/2021\/03\/ckn-logo-min.svg\",\"caption\":\"R\u00e9seau de mobilisation des connaissances en composites\"},\"image\":{\"@id\":\"https:\/\/compositeskn.org\/#\/schema\/logo\/image\/\"},\"sameAs\":[\"https:\/\/x.com\/CompositesKN\",\"https:\/\/www.linkedin.com\/company\/compositeskn\"]}]}<\/script>\n<!-- \/ Yoast SEO plugin. -->","yoast_head_json":{"title":"Webinaires Enregistr\u00e9s - R\u00e9seau de mobilisation des connaissances en composites","robots":{"index":"index","follow":"follow","max-snippet":"max-snippet:-1","max-image-preview":"max-image-preview:large","max-video-preview":"max-video-preview:-1"},"canonical":"https:\/\/compositeskn.org\/recorded-webinars\/","og_locale":"fr_FR","og_type":"article","og_title":"Webinaires Enregistr\u00e9s - R\u00e9seau de mobilisation des connaissances en composites","og_description":"CKN organise r\u00e9guli\u00e8rement des \u00e9v\u00e9nements de mobilisation d&rsquo;application et d&rsquo;impact (AIM) pour partager les connaissances des principaux experts de l&rsquo;industrie directement avec l&rsquo;industrie des composites. En 2020-2021, nos \u00e9v\u00e9nements AIM ont eu lieu en ligne. Les enregistrements sont disponibles via le Knowledge in Practice Center (KPC) du CKN dans la section Perspectives. Pour visualiser les ... Lire plus","og_url":"https:\/\/compositeskn.org\/recorded-webinars\/","og_site_name":"R\u00e9seau de mobilisation des connaissances en composites","article_modified_time":"2023-03-13T01:15:01+00:00","og_image":[{"url":"https:\/\/compositeskn.org\/wp-content\/uploads\/2021\/04\/AimEvents.jpg","type":"","width":"","height":""}],"twitter_card":"summary_large_image","twitter_site":"@CompositesKN","twitter_misc":{"Dur\u00e9e de lecture estim\u00e9e":"1 minute"},"schema":{"@context":"https:\/\/schema.org","@graph":[{"@type":"WebPage","@id":"https:\/\/compositeskn.org\/recorded-webinars\/","url":"https:\/\/compositeskn.org\/recorded-webinars\/","name":"Webinaires Enregistr\u00e9s - R\u00e9seau de mobilisation des connaissances en composites","isPartOf":{"@id":"https:\/\/compositeskn.org\/#website"},"primaryImageOfPage":{"@id":"https:\/\/compositeskn.org\/recorded-webinars\/#primaryimage"},"image":{"@id":"https:\/\/compositeskn.org\/recorded-webinars\/#primaryimage"},"thumbnailUrl":"https:\/\/compositeskn.org\/wp-content\/uploads\/2021\/04\/AimEvents.jpg","datePublished":"2020-06-02T17:45:36+00:00","dateModified":"2023-03-13T01:15:01+00:00","breadcrumb":{"@id":"https:\/\/compositeskn.org\/recorded-webinars\/#breadcrumb"},"inLanguage":"fr-FR","potentialAction":[{"@type":"ReadAction","target":["https:\/\/compositeskn.org\/recorded-webinars\/"]}]},{"@type":"ImageObject","inLanguage":"fr-FR","@id":"https:\/\/compositeskn.org\/recorded-webinars\/#primaryimage","url":"https:\/\/compositeskn.org\/wp-content\/uploads\/2021\/04\/AimEvents.jpg","contentUrl":"https:\/\/compositeskn.org\/wp-content\/uploads\/2021\/04\/AimEvents.jpg"},{"@type":"BreadcrumbList","@id":"https:\/\/compositeskn.org\/recorded-webinars\/#breadcrumb","itemListElement":[{"@type":"ListItem","position":1,"name":"Home","item":"https:\/\/compositeskn.org\/fr\/"},{"@type":"ListItem","position":2,"name":"Webinaires Enregistr\u00e9s"}]},{"@type":"WebSite","@id":"https:\/\/compositeskn.org\/#website","url":"https:\/\/compositeskn.org\/","name":"R\u00e9seau de mobilisation des connaissances en composites","description":"R\u00e9seau de mobilisation des connaissances en composites","publisher":{"@id":"https:\/\/compositeskn.org\/#organization"},"potentialAction":[{"@type":"SearchAction","target":{"@type":"EntryPoint","urlTemplate":"https:\/\/compositeskn.org\/?s={search_term_string}"},"query-input":{"@type":"PropertyValueSpecification","valueRequired":true,"valueName":"search_term_string"}}],"inLanguage":"fr-FR"},{"@type":"Organization","@id":"https:\/\/compositeskn.org\/#organization","name":"R\u00e9seau de mobilisation des connaissances en composites","url":"https:\/\/compositeskn.org\/","logo":{"@type":"ImageObject","inLanguage":"fr-FR","@id":"https:\/\/compositeskn.org\/#\/schema\/logo\/image\/","url":"https:\/\/compositeskn.org\/wp-content\/uploads\/2021\/03\/ckn-logo-min.svg","contentUrl":"https:\/\/compositeskn.org\/wp-content\/uploads\/2021\/03\/ckn-logo-min.svg","caption":"R\u00e9seau de mobilisation des connaissances en composites"},"image":{"@id":"https:\/\/compositeskn.org\/#\/schema\/logo\/image\/"},"sameAs":["https:\/\/x.com\/CompositesKN","https:\/\/www.linkedin.com\/company\/compositeskn"]}]}},"jetpack_sharing_enabled":true,"_links":{"self":[{"href":"https:\/\/compositeskn.org\/fr\/wp-json\/wp\/v2\/pages\/1006","targetHints":{"allow":["GET"]}}],"collection":[{"href":"https:\/\/compositeskn.org\/fr\/wp-json\/wp\/v2\/pages"}],"about":[{"href":"https:\/\/compositeskn.org\/fr\/wp-json\/wp\/v2\/types\/page"}],"author":[{"embeddable":true,"href":"https:\/\/compositeskn.org\/fr\/wp-json\/wp\/v2\/users\/1"}],"replies":[{"embeddable":true,"href":"https:\/\/compositeskn.org\/fr\/wp-json\/wp\/v2\/comments?post=1006"}],"version-history":[{"count":68,"href":"https:\/\/compositeskn.org\/fr\/wp-json\/wp\/v2\/pages\/1006\/revisions"}],"predecessor-version":[{"id":2121,"href":"https:\/\/compositeskn.org\/fr\/wp-json\/wp\/v2\/pages\/1006\/revisions\/2121"}],"wp:attachment":[{"href":"https:\/\/compositeskn.org\/fr\/wp-json\/wp\/v2\/media?parent=1006"}],"curies":[{"name":"wp","href":"https:\/\/api.w.org\/{rel}","templated":true}]}}